{"id":78,"date":"2020-05-09T06:57:50","date_gmt":"2020-05-09T04:57:50","guid":{"rendered":"https:\/\/jupiterx.artbees.net\/health-coach\/?page_id=78"},"modified":"2024-12-02T19:16:06","modified_gmt":"2024-12-02T18:16:06","slug":"uber-uns","status":"publish","type":"page","link":"https:\/\/kanzleikruse.com\/en\/uber-uns\/","title":{"rendered":"About us"},"content":{"rendered":"\t\t<div data-elementor-type=\"wp-page\" data-elementor-id=\"78\" class=\"elementor elementor-78\" data-elementor-post-type=\"page\">\n\t\t\t\t\t\t<section class=\"elementor-section elementor-top-section elementor-element elementor-element-718e6a97 elementor-hidden-phone elementor-section-boxed elementor-section-height-default elementor-section-height-default\" data-id=\"718e6a97\" data-element_type=\"section\" data-e-type=\"section\" data-settings='{\"jet_parallax_layout_list\":[{\"jet_parallax_layout_image\":{\"url\":\"\",\"id\":\"\",\"size\":\"\"},\"_id\":\"58032f7\",\"jet_parallax_layout_image_tablet\":{\"url\":\"\",\"id\":\"\",\"size\":\"\"},\"jet_parallax_layout_image_mobile\":{\"url\":\"\",\"id\":\"\",\"size\":\"\"},\"jet_parallax_layout_speed\":{\"unit\":\"%\",\"size\":50,\"sizes\":[]},\"jet_parallax_layout_type\":\"scroll\",\"jet_parallax_layout_direction\":\"1\",\"jet_parallax_layout_fx_direction\":null,\"jet_parallax_layout_z_index\":\"\",\"jet_parallax_layout_bg_x\":50,\"jet_parallax_layout_bg_x_tablet\":\"\",\"jet_parallax_layout_bg_x_mobile\":\"\",\"jet_parallax_layout_bg_y\":50,\"jet_parallax_layout_bg_y_tablet\":\"\",\"jet_parallax_layout_bg_y_mobile\":\"\",\"jet_parallax_layout_bg_size\":\"auto\",\"jet_parallax_layout_bg_size_tablet\":\"\",\"jet_parallax_layout_bg_size_mobile\":\"\",\"jet_parallax_layout_animation_prop\":\"transform\",\"jet_parallax_layout_on\":[\"desktop\",\"tablet\"]}]}'>\n\t\t\t\t\t\t<div class=\"elementor-container elementor-column-gap-default\">\n\t\t\t\t\t<div class=\"elementor-column elementor-col-100 elementor-top-column elementor-element elementor-element-4a54161f\" data-id=\"4a54161f\" data-element_type=\"column\" data-e-type=\"column\">\n\t\t\t<div class=\"elementor-widget-wrap elementor-element-populated\">\n\t\t\t\t\t\t<div class=\"elementor-element elementor-element-7a415b47 elementor-widget elementor-widget-heading\" data-id=\"7a415b47\" data-element_type=\"widget\" data-e-type=\"widget\" data-widget_type=\"heading.default\">\n\t\t\t\t<div class=\"elementor-widget-container\">\n\t\t\t\t\t<span class=\"elementor-heading-title elementor-size-default\">&Uuml;ber<\/span>\t\t\t\t<\/div>\n\t\t\t\t<\/div>\n\t\t\t\t<div class=\"elementor-element elementor-element-abd1018 elementor-widget elementor-widget-heading\" data-id=\"abd1018\" data-element_type=\"widget\" data-e-type=\"widget\" data-widget_type=\"heading.default\">\n\t\t\t\t<div class=\"elementor-widget-container\">\n\t\t\t\t\t<h1 class=\"elementor-heading-title elementor-size-default\">Erfahren Sie hier alles &uuml;ber unsere Kanzlei<\/h1>\t\t\t\t<\/div>\n\t\t\t\t<\/div>\n\t\t\t\t\t<\/div>\n\t\t<\/div>\n\t\t\t\t\t<\/div>\n\t\t<\/section>\n\t\t\t\t<section class=\"elementor-section elementor-top-section elementor-element elementor-element-ed36cdd elementor-hidden-phone elementor-section-boxed elementor-section-height-default elementor-section-height-default\" data-id=\"ed36cdd\" data-element_type=\"section\" data-e-type=\"section\" data-settings='{\"jet_parallax_layout_list\":[{\"jet_parallax_layout_image\":{\"url\":\"\",\"id\":\"\",\"size\":\"\"},\"_id\":\"5c51593\",\"jet_parallax_layout_image_tablet\":{\"url\":\"\",\"id\":\"\",\"size\":\"\"},\"jet_parallax_layout_image_mobile\":{\"url\":\"\",\"id\":\"\",\"size\":\"\"},\"jet_parallax_layout_speed\":{\"unit\":\"%\",\"size\":50,\"sizes\":[]},\"jet_parallax_layout_type\":\"scroll\",\"jet_parallax_layout_direction\":\"1\",\"jet_parallax_layout_fx_direction\":null,\"jet_parallax_layout_z_index\":\"\",\"jet_parallax_layout_bg_x\":50,\"jet_parallax_layout_bg_x_tablet\":\"\",\"jet_parallax_layout_bg_x_mobile\":\"\",\"jet_parallax_layout_bg_y\":50,\"jet_parallax_layout_bg_y_tablet\":\"\",\"jet_parallax_layout_bg_y_mobile\":\"\",\"jet_parallax_layout_bg_size\":\"auto\",\"jet_parallax_layout_bg_size_tablet\":\"\",\"jet_parallax_layout_bg_size_mobile\":\"\",\"jet_parallax_layout_animation_prop\":\"transform\",\"jet_parallax_layout_on\":[\"desktop\",\"tablet\"]}]}'>\n\t\t\t\t\t\t<div class=\"elementor-container elementor-column-gap-default\">\n\t\t\t\t\t<div class=\"elementor-column elementor-col-50 elementor-top-column elementor-element elementor-element-139a174\" data-id=\"139a174\" data-element_type=\"column\" data-e-type=\"column\">\n\t\t\t<div class=\"elementor-widget-wrap elementor-element-populated\">\n\t\t\t\t\t\t<div class=\"elementor-element elementor-element-1c4fb8d elementor-widget elementor-widget-image\" data-id=\"1c4fb8d\" data-element_type=\"widget\" data-e-type=\"widget\" data-widget_type=\"image.default\">\n\t\t\t\t<div class=\"elementor-widget-container\">\n\t\t\t\t\t\t\t\t\t\t\t\t\t\t\t<img fetchpriority=\"high\" decoding=\"async\" width=\"1024\" height=\"682\" src=\"https:\/\/kanzleikruse.com\/wp-content\/uploads\/2021\/01\/man-5806012_1280-1024x682.jpg\" class=\"attachment-large size-large wp-image-1473\" alt=\"\" srcset=\"https:\/\/kanzleikruse.com\/wp-content\/uploads\/2021\/01\/man-5806012_1280-1024x682.jpg 1024w, https:\/\/kanzleikruse.com\/wp-content\/uploads\/2021\/01\/man-5806012_1280-300x200.jpg 300w, https:\/\/kanzleikruse.com\/wp-content\/uploads\/2021\/01\/man-5806012_1280-768x512.jpg 768w, https:\/\/kanzleikruse.com\/wp-content\/uploads\/2021\/01\/man-5806012_1280.jpg 1280w\" sizes=\"(max-width: 1024px) 100vw, 1024px\">\t\t\t\t\t\t\t\t\t\t\t\t\t\t\t<\/div>\n\t\t\t\t<\/div>\n\t\t\t\t\t<\/div>\n\t\t<\/div>\n\t\t\t\t<div class=\"elementor-column elementor-col-50 elementor-top-column elementor-element elementor-element-e5cd2c7\" data-id=\"e5cd2c7\" data-element_type=\"column\" data-e-type=\"column\">\n\t\t\t<div class=\"elementor-widget-wrap elementor-element-populated\">\n\t\t\t\t\t\t<div class=\"elementor-element elementor-element-e2a9f68 elementor-widget elementor-widget-text-editor\" data-id=\"e2a9f68\" data-element_type=\"widget\" data-e-type=\"widget\" data-widget_type=\"text-editor.default\">\n\t\t\t\t<div class=\"elementor-widget-container\">\n\t\t\t\t\t\t\t\t\t<p class=\"p1\"><span class=\"s1\"><i>Ich bin promovierter Jurist und seit 2016 als Rechtsanwalt zugelassen. Seither habe ich mich auf das Gebiet des Arbeitsrechts spezialisiert. Ich lege dabei den Fokus auf die Rechte der Arbeitnehmer. Ich berate Sie pers&ouml;nlich, schnell und kompetent. Ich bin befugt, vor allen Arbeitsgerichten und in jeder Instanz Ihre Interessen zu vertreten. Gemeinsam finden wir Ihr optimales <a href=\"https:\/\/kanzleikruse.com\/en\/encyclopedia\/kosten\/\" target=\"_self\" title=\"In einem K&uuml;ndigungsschutzverfahren tr&auml;gt in der ersten Instanz vor dem Arbeitsgericht jede Partei seine Anwaltskosten selbst. D.h. egal ob Sie unterliegen oder gewinnen, m&uuml;ssen Sie Ihren eigenen Anwalt bezahlen. Die H&ouml;he der Verg&uuml;tung ergibt sich entweder aus einer Verg&uuml;tungsvereinbarung oder aus dem Rechtsanwaltsverg&uuml;tungsgesetz (RVG). In gerichtlichen Verfahren d&uuml;rfen die...\" class=\"encyclopedia\">Kosten<\/a>modell f&uuml;r eine erfolgreiche Durchsetzung Ihrer Interessen. <\/i><\/span><\/p><p class=\"p1\"><span class=\"s1\"><i>Nutzen Sie mein Angebot und pr&uuml;fen Sie jetzt <a href=\"https:\/\/kanzleikruse.com\/en\/encyclopedia\/kosten\/\" target=\"_self\" title=\"In einem K&uuml;ndigungsschutzverfahren tr&auml;gt in der ersten Instanz vor dem Arbeitsgericht jede Partei seine Anwaltskosten selbst. D.h. egal ob Sie unterliegen oder gewinnen, m&uuml;ssen Sie Ihren eigenen Anwalt bezahlen. Die H&ouml;he der Verg&uuml;tung ergibt sich entweder aus einer Verg&uuml;tungsvereinbarung oder aus dem Rechtsanwaltsverg&uuml;tungsgesetz (RVG). In gerichtlichen Verfahren d&uuml;rfen die...\" class=\"encyclopedia\">kosten<\/a>los, ob Ihre <a href=\"https:\/\/kanzleikruse.com\/en\/encyclopedia\/kuendigung\/\" target=\"_self\" title=\"Eine K&uuml;ndigung ist eine einseitig empfangsbed&uuml;rftige Willenserkl&auml;rung. Das bedeutet, dass vom K&uuml;ndigenden der unmissverst&auml;ndliche Wille zum Ausdruck gebracht werden muss, dass er das Vertragsverh&auml;ltnis beenden will und Ihnen die Erkl&auml;rung zugeht. Sie kann von ihrem Arbeitgeber oder von Ihnen selbst ausgesprochen werden...\" class=\"encyclopedia\">K&uuml;ndigung<\/a> unwirksam ist, oder wie hoch Ihre <a href=\"https:\/\/kanzleikruse.com\/en\/encyclopedia\/abfindung\/\" target=\"_self\" title=\"Das Wichtigste vorab: Es besteht kein genereller gesetzlicher Abfindungsanspruch im Falle einer K&uuml;ndigung. Das Gesetz sieht Abfindungsanspr&uuml;che nur im Fall des &sect;&thinsp;1&#8198;a KSchG (s.&nbsp;Rn&thinsp;2&#8198;ff), bei einem Aufl&ouml;sungsurteil nach &sect;&sect;&thinsp;9, 10 KSchG (s.&nbsp;Rn&thinsp;10&#8198;f), bei Vorliegen eines Sozialplans (s.&nbsp;Rn&thinsp;22&#8198;f) oder als Nachteilsausgleichsanspruch nach &sect;&thinsp;113 BetrVG (s.&nbsp;Rn&thinsp;24&#8198;f) vor...\" class=\"encyclopedia\">Abfindung<\/a> ausfallen k&ouml;nnte.<\/i><\/span><\/p>\t\t\t\t\t\t\t\t<\/div>\n\t\t\t\t<\/div>\n\t\t\t\t<div class=\"elementor-element elementor-element-75fbbc79 elementor-align-left elementor-widget elementor-widget-raven-button\" data-id=\"75fbbc79\" data-element_type=\"widget\" data-e-type=\"widget\" data-settings='{\"turn_to_popup_action_button\":\"no\"}' data-widget_type=\"raven-button.default\">\n\t\t\t\t<div class=\"elementor-widget-container\">\n\t\t\t\t\t\t\t<div class=\"raven-widget-wrapper\">\n\t\t\t<a class=\"raven-button raven-button-widget-normal-effect-none  raven-button-text-align-center raven-button-link elementor-animation-none\" href=\"https:\/\/kanzleikruse.com\/schnelltest\/\">\t\t\t\t<div class=\"raven-button-overlay\"><\/div>\n\t\t\t\t<span class=\"raven-button-content\">\n\t\t\t\t\t\n\t\t\t\t\t<div class=\"button-text-container\">\n\t\t\t\t\t\t\t\t\t\t\t\t<div class=\"raven-button-texts-wrapper\">\n\t\t\t\t\t\t\t<div class=\"button-text\">\n\t\t\t\t\t\t\t\t<span class=\"raven-button-text\">\n\t\t\t\t\t\t\t\t\tJetzt kostenfreie Ersteinsch&auml;tzung starten\t\t\t\t\t\t\t\t<\/span>\n\t\t\t\t\t\t\t<\/div>\n\t\t\t\t\t\t\t\t\t\t\t\t\t<\/div>\n\t\t\t\t\t\t\t\t\t\t\t<\/div>\n\t\t\t\t\t\n\t\t\t\t\t\t\t\t\t<\/span>\n\t\t\t<\/a>\t\t<\/div>\n\t\t\t\t\t\t<\/div>\n\t\t\t\t<\/div>\n\t\t\t\t\t<\/div>\n\t\t<\/div>\n\t\t\t\t\t<\/div>\n\t\t<\/section>\n\t\t\t\t<\/div>\n\t\t","protected":false},"excerpt":{"rendered":"<p>\u00dcber Erfahren Sie hier alles \u00fcber unsere Kanzlei Ich bin promovierter Jurist und seit 2016 als Rechtsanwalt zugelassen. Seither habe ich mich auf das Gebiet des Arbeitsrechts spezialisiert. Ich lege dabei den Fokus auf die Rechte der Arbeitnehmer. Ich berate Sie pers\u00f6nlich, schnell und kompetent. Ich bin befugt, vor allen Arbeitsgerichten und in jeder Instanz [&hellip;]<\/p>\n","protected":false},"author":2,"featured_media":0,"parent":0,"menu_order":0,"comment_status":"closed","ping_status":"closed","template":"full-width.php","meta":{"_acf_changed":false,"footnotes":""},"class_list":["post-78","page","type-page","status-publish","hentry"],"acf":[],"yoast_head":"<!-- This site is optimized with the Yoast SEO plugin v27.5 - https:\/\/yoast.com\/product\/yoast-seo-wordpress\/ -->\n<title>\u00dcber uns - Kanzlei Kruse<\/title>\n<meta name=\"robots\" content=\"index, follow, max-snippet:-1, max-image-preview:large, max-video-preview:-1\" \/>\n<link rel=\"canonical\" href=\"https:\/\/kanzleikruse.com\/en\/uber-uns\/\" \/>\n<meta property=\"og:locale\" content=\"en_US\" \/>\n<meta property=\"og:type\" content=\"article\" \/>\n<meta property=\"og:title\" content=\"\u00dcber uns - Kanzlei Kruse\" \/>\n<meta property=\"og:description\" content=\"\u00dcber Erfahren Sie hier alles \u00fcber unsere Kanzlei Ich bin promovierter Jurist und seit 2016 als Rechtsanwalt zugelassen. Seither habe ich mich auf das Gebiet des Arbeitsrechts spezialisiert. Ich lege dabei den Fokus auf die Rechte der Arbeitnehmer. Ich berate Sie pers\u00f6nlich, schnell und kompetent. Ich bin befugt, vor allen Arbeitsgerichten und in jeder Instanz [&hellip;]\" \/>\n<meta property=\"og:url\" content=\"https:\/\/kanzleikruse.com\/en\/uber-uns\/\" \/>\n<meta property=\"og:site_name\" content=\"Kanzlei Kruse\" \/>\n<meta property=\"article:modified_time\" content=\"2024-12-02T18:16:06+00:00\" \/>\n<meta property=\"og:image\" content=\"https:\/\/kanzleikruse.com\/wp-content\/uploads\/2021\/01\/man-5806012_1280-1024x682.jpg\" \/>\n<meta name=\"twitter:card\" content=\"summary_large_image\" \/>\n<meta name=\"twitter:label1\" content=\"Est. reading time\" \/>\n\t<meta name=\"twitter:data1\" content=\"1 minute\" \/>\n<script type=\"application\/ld+json\" class=\"yoast-schema-graph\">{\"@context\":\"https:\\\/\\\/schema.org\",\"@graph\":[{\"@type\":\"WebPage\",\"@id\":\"https:\\\/\\\/kanzleikruse.com\\\/uber-uns\\\/\",\"url\":\"https:\\\/\\\/kanzleikruse.com\\\/uber-uns\\\/\",\"name\":\"\u00dcber uns - Kanzlei Kruse\",\"isPartOf\":{\"@id\":\"https:\\\/\\\/kanzleikruse.com\\\/#website\"},\"primaryImageOfPage\":{\"@id\":\"https:\\\/\\\/kanzleikruse.com\\\/uber-uns\\\/#primaryimage\"},\"image\":{\"@id\":\"https:\\\/\\\/kanzleikruse.com\\\/uber-uns\\\/#primaryimage\"},\"thumbnailUrl\":\"https:\\\/\\\/kanzleikruse.com\\\/wp-content\\\/uploads\\\/2021\\\/01\\\/man-5806012_1280-1024x682.jpg\",\"datePublished\":\"2020-05-09T04:57:50+00:00\",\"dateModified\":\"2024-12-02T18:16:06+00:00\",\"breadcrumb\":{\"@id\":\"https:\\\/\\\/kanzleikruse.com\\\/uber-uns\\\/#breadcrumb\"},\"inLanguage\":\"en-US\",\"potentialAction\":[{\"@type\":\"ReadAction\",\"target\":[\"https:\\\/\\\/kanzleikruse.com\\\/uber-uns\\\/\"]}]},{\"@type\":\"ImageObject\",\"inLanguage\":\"en-US\",\"@id\":\"https:\\\/\\\/kanzleikruse.com\\\/uber-uns\\\/#primaryimage\",\"url\":\"https:\\\/\\\/kanzleikruse.com\\\/wp-content\\\/uploads\\\/2021\\\/01\\\/man-5806012_1280-1024x682.jpg\",\"contentUrl\":\"https:\\\/\\\/kanzleikruse.com\\\/wp-content\\\/uploads\\\/2021\\\/01\\\/man-5806012_1280-1024x682.jpg\"},{\"@type\":\"BreadcrumbList\",\"@id\":\"https:\\\/\\\/kanzleikruse.com\\\/uber-uns\\\/#breadcrumb\",\"itemListElement\":[{\"@type\":\"ListItem\",\"position\":1,\"name\":\"Startseite\",\"item\":\"https:\\\/\\\/kanzleikruse.com\\\/\"},{\"@type\":\"ListItem\",\"position\":2,\"name\":\"\u00dcber uns\"}]},{\"@type\":\"WebSite\",\"@id\":\"https:\\\/\\\/kanzleikruse.com\\\/#website\",\"url\":\"https:\\\/\\\/kanzleikruse.com\\\/\",\"name\":\"Kanzlei Kruse\",\"description\":\"Wir helfen Ihnen pers\u00f6nlich, Ihr Recht durchzusetzen.\",\"potentialAction\":[{\"@type\":\"SearchAction\",\"target\":{\"@type\":\"EntryPoint\",\"urlTemplate\":\"https:\\\/\\\/kanzleikruse.com\\\/?s={search_term_string}\"},\"query-input\":{\"@type\":\"PropertyValueSpecification\",\"valueRequired\":true,\"valueName\":\"search_term_string\"}}],\"inLanguage\":\"en-US\"}]}<\/script>\n<!-- \/ Yoast SEO plugin. -->","yoast_head_json":{"title":"About us - Kruse law firm","robots":{"index":"index","follow":"follow","max-snippet":"max-snippet:-1","max-image-preview":"max-image-preview:large","max-video-preview":"max-video-preview:-1"},"canonical":"https:\/\/kanzleikruse.com\/en\/uber-uns\/","og_locale":"en_US","og_type":"article","og_title":"\u00dcber uns - Kanzlei Kruse","og_description":"\u00dcber Erfahren Sie hier alles \u00fcber unsere Kanzlei Ich bin promovierter Jurist und seit 2016 als Rechtsanwalt zugelassen. Seither habe ich mich auf das Gebiet des Arbeitsrechts spezialisiert. Ich lege dabei den Fokus auf die Rechte der Arbeitnehmer. Ich berate Sie pers\u00f6nlich, schnell und kompetent. Ich bin befugt, vor allen Arbeitsgerichten und in jeder Instanz [&hellip;]","og_url":"https:\/\/kanzleikruse.com\/en\/uber-uns\/","og_site_name":"Kanzlei Kruse","article_modified_time":"2024-12-02T18:16:06+00:00","og_image":[{"url":"https:\/\/kanzleikruse.com\/wp-content\/uploads\/2021\/01\/man-5806012_1280-1024x682.jpg","type":"","width":"","height":""}],"twitter_card":"summary_large_image","twitter_misc":{"Est. reading time":"1 minute"},"schema":{"@context":"https:\/\/schema.org","@graph":[{"@type":"WebPage","@id":"https:\/\/kanzleikruse.com\/uber-uns\/","url":"https:\/\/kanzleikruse.com\/uber-uns\/","name":"About us - Kruse law firm","isPartOf":{"@id":"https:\/\/kanzleikruse.com\/#website"},"primaryImageOfPage":{"@id":"https:\/\/kanzleikruse.com\/uber-uns\/#primaryimage"},"image":{"@id":"https:\/\/kanzleikruse.com\/uber-uns\/#primaryimage"},"thumbnailUrl":"https:\/\/kanzleikruse.com\/wp-content\/uploads\/2021\/01\/man-5806012_1280-1024x682.jpg","datePublished":"2020-05-09T04:57:50+00:00","dateModified":"2024-12-02T18:16:06+00:00","breadcrumb":{"@id":"https:\/\/kanzleikruse.com\/uber-uns\/#breadcrumb"},"inLanguage":"en-US","potentialAction":[{"@type":"ReadAction","target":["https:\/\/kanzleikruse.com\/uber-uns\/"]}]},{"@type":"ImageObject","inLanguage":"en-US","@id":"https:\/\/kanzleikruse.com\/uber-uns\/#primaryimage","url":"https:\/\/kanzleikruse.com\/wp-content\/uploads\/2021\/01\/man-5806012_1280-1024x682.jpg","contentUrl":"https:\/\/kanzleikruse.com\/wp-content\/uploads\/2021\/01\/man-5806012_1280-1024x682.jpg"},{"@type":"BreadcrumbList","@id":"https:\/\/kanzleikruse.com\/uber-uns\/#breadcrumb","itemListElement":[{"@type":"ListItem","position":1,"name":"Startseite","item":"https:\/\/kanzleikruse.com\/"},{"@type":"ListItem","position":2,"name":"\u00dcber uns"}]},{"@type":"WebSite","@id":"https:\/\/kanzleikruse.com\/#website","url":"https:\/\/kanzleikruse.com\/","name":"Kruse law firm","description":"We will help you personally to enforce your rights.","potentialAction":[{"@type":"SearchAction","target":{"@type":"EntryPoint","urlTemplate":"https:\/\/kanzleikruse.com\/?s={search_term_string}"},"query-input":{"@type":"PropertyValueSpecification","valueRequired":true,"valueName":"search_term_string"}}],"inLanguage":"en-US"}]}},"_links":{"self":[{"href":"https:\/\/kanzleikruse.com\/en\/wp-json\/wp\/v2\/pages\/78","targetHints":{"allow":["GET"]}}],"collection":[{"href":"https:\/\/kanzleikruse.com\/en\/wp-json\/wp\/v2\/pages"}],"about":[{"href":"https:\/\/kanzleikruse.com\/en\/wp-json\/wp\/v2\/types\/page"}],"author":[{"embeddable":true,"href":"https:\/\/kanzleikruse.com\/en\/wp-json\/wp\/v2\/users\/2"}],"replies":[{"embeddable":true,"href":"https:\/\/kanzleikruse.com\/en\/wp-json\/wp\/v2\/comments?post=78"}],"version-history":[{"count":0,"href":"https:\/\/kanzleikruse.com\/en\/wp-json\/wp\/v2\/pages\/78\/revisions"}],"wp:attachment":[{"href":"https:\/\/kanzleikruse.com\/en\/wp-json\/wp\/v2\/media?parent=78"}],"curies":[{"name":"wp","href":"https:\/\/api.w.org\/{rel}","templated":true}]}}