{"id":800,"date":"2020-11-19T13:32:26","date_gmt":"2020-11-19T12:32:26","guid":{"rendered":"https:\/\/kanzleikruse.com\/?page_id=800"},"modified":"2021-02-18T17:38:42","modified_gmt":"2021-02-18T16:38:42","slug":"impressum","status":"publish","type":"page","link":"https:\/\/kanzleikruse.com\/en\/impressum\/","title":{"rendered":"imprint"},"content":{"rendered":"\t\t<div data-elementor-type=\"wp-page\" data-elementor-id=\"800\" class=\"elementor elementor-800\" data-elementor-post-type=\"page\">\n\t\t\t\t\t\t<section class=\"elementor-section elementor-top-section elementor-element elementor-element-24503ce elementor-hidden-tablet elementor-hidden-phone elementor-section-boxed elementor-section-height-default elementor-section-height-default\" data-id=\"24503ce\" data-element_type=\"section\" data-e-type=\"section\" data-settings='{\"jet_parallax_layout_list\":[{\"jet_parallax_layout_image\":{\"url\":\"\",\"id\":\"\",\"size\":\"\"},\"_id\":\"86fa454\",\"jet_parallax_layout_image_tablet\":{\"url\":\"\",\"id\":\"\",\"size\":\"\"},\"jet_parallax_layout_image_mobile\":{\"url\":\"\",\"id\":\"\",\"size\":\"\"},\"jet_parallax_layout_speed\":{\"unit\":\"%\",\"size\":50,\"sizes\":[]},\"jet_parallax_layout_type\":\"scroll\",\"jet_parallax_layout_direction\":\"1\",\"jet_parallax_layout_fx_direction\":null,\"jet_parallax_layout_z_index\":\"\",\"jet_parallax_layout_bg_x\":50,\"jet_parallax_layout_bg_x_tablet\":\"\",\"jet_parallax_layout_bg_x_mobile\":\"\",\"jet_parallax_layout_bg_y\":50,\"jet_parallax_layout_bg_y_tablet\":\"\",\"jet_parallax_layout_bg_y_mobile\":\"\",\"jet_parallax_layout_bg_size\":\"auto\",\"jet_parallax_layout_bg_size_tablet\":\"\",\"jet_parallax_layout_bg_size_mobile\":\"\",\"jet_parallax_layout_animation_prop\":\"transform\",\"jet_parallax_layout_on\":[\"desktop\",\"tablet\"]}]}'>\n\t\t\t\t\t\t<div class=\"elementor-container elementor-column-gap-no\">\n\t\t\t\t\t<div class=\"elementor-column elementor-col-100 elementor-top-column elementor-element elementor-element-e71df48\" data-id=\"e71df48\" data-element_type=\"column\" data-e-type=\"column\">\n\t\t\t<div class=\"elementor-widget-wrap elementor-element-populated\">\n\t\t\t\t\t\t<div class=\"elementor-element elementor-element-224d19c elementor-widget elementor-widget-heading\" data-id=\"224d19c\" data-element_type=\"widget\" data-e-type=\"widget\" data-widget_type=\"heading.default\">\n\t\t\t\t<div class=\"elementor-widget-container\">\n\t\t\t\t\t<span class=\"elementor-heading-title elementor-size-default\">Impressum<\/span>\t\t\t\t<\/div>\n\t\t\t\t<\/div>\n\t\t\t\t<div class=\"elementor-element elementor-element-a5264d5 elementor-widget elementor-widget-text-editor\" data-id=\"a5264d5\" data-element_type=\"widget\" data-e-type=\"widget\" data-widget_type=\"text-editor.default\">\n\t\t\t\t<div class=\"elementor-widget-container\">\n\t\t\t\t\t\t\t\t\t<h3>Angaben gem&auml;&szlig; &sect; 5 TMG<\/h3><p>Dr. Till Kruse<br>Kanzlei Kruse<br>Friedrichsstra&szlig;e 95<br>10117 Berlin<\/p><h3>Kontakt<\/h3><p>Telefon: 030 346 468 093<br>Telefax: 030 346 468 095<br>E-Mail: info@kanzleikruse.com<\/p><h3>Umsatzsteuer-ID&nbsp;<\/h3><p>Umsatzsteuer-Identifikationsnummer nach &sect;27a Umsatzsteuergesetz:<br>DE311068792<\/p><h3>Berufszulassung und Aufsichtsbeh&ouml;rde&nbsp;<\/h3><p>Rechtsanw&auml;lte der Kanzlei Kruse sind als Rechtsanw&auml;lte in der Bundesrepublik Deutschland zugelassen und Mitglied der zust&auml;ndigen Rechtsanwaltskammer Berlin (Littenstra&szlig;e 9, 10179 Berlin) als Zulassungs- und Aufsichtsbeh&ouml;rde.<\/p><p>Berufsbezeichnung: Rechtsanwalt<br>Kammer: RAK Berlin<br>Berufsbezeichnung verliehen im Land: Berlin<\/p><h3>Berufsrechtliche Regelungen<\/h3><p>F&uuml;r die Rechtsanw&auml;lte der Kanzlei Kruse gelten im wesentlichen folgende berufsrechtliche Regelungen:<\/p><ul><li>die Bundesrechtsanwaltsordnung (BRAO)<\/li><li>die Berufsordnung der Rechtsanw&auml;lte (BORA)<\/li><li>das Gesetz &uuml;ber die Verg&uuml;tung der Rechtsanw&auml;ltinnen und Rechtsanw&auml;lte (Rechtsanwaltsverg&uuml;tungsgesetz &ndash; RVG)<\/li><li>die Fachanwaltsordnung (FAO)<\/li><li>die Berufsregeln der Rechtsanw&auml;lte der Europ&auml;ischen Gemeinschaft (CCBE-Berufsregeln)<\/li><\/ul><p>Diese berufsrechtlichen Regelungen k&ouml;nnen auf den Internet-Seiten der Bundesrechtsanwaltskammer unter www.brak.de abgerufen werden.<br>Link:&nbsp;<a href=\"http:\/\/www.brak.de\/fuer-anwaelte\/berufsrecht\/\">http:\/\/www.brak.de\/fuer-anwaelte\/berufsrecht\/<\/a><\/p><h3>Berufshaftpflichtversicherung<\/h3><p>Die Rechtsanw&auml;lte der Kanzlei Kruse unterhalten die erforderliche Berufshaftpflichtversicherung bei der R+V Allgemeine Versicherung AG, Voltastra&szlig;e 84, 60486 Frankfurt. Der r&auml;umliche Geltungsbereich des Versicherungsschutzes umfasst T&auml;tigkeiten in den Mitgliedsl&auml;ndern der Europ&auml;ischen Union und gen&uuml;gt mindestens den Anforderungen des &sect; 51 BRAO.<\/p><h3>EU-Streitschlichtung<\/h3><p>Die Europ&auml;ische Kommission stellt eine Plattform zur Online-Streitbeilegung (OS) bereit: <a href=\"https:\/\/ec.europa.eu\/consumers\/odr\" target=\"_blank\" rel=\"noopener noreferrer\">https:\/\/ec.europa.eu\/consumers\/odr<\/a>.<br>Unsere E-Mail-Adresse finden Sie oben im Impressum.<\/p><h3>Verbraucher&shy;streit&shy;beilegung\/Universal&shy;schlichtungs&shy;stelle<\/h3><p>Wir sind nicht bereit oder verpflichtet, an Streitbeilegungsverfahren vor einer Verbraucherschlichtungsstelle teilzunehmen.<\/p><h3>Verantwortlich f&uuml;r den Inhalt&nbsp;(gem. &sect; 55 Abs. 2 RStV):<\/h3><p>Rechtsanwalt Dr. Till Kruse<br>Friedrichstra&szlig;e 95<br>10117 Berlin<\/p><h3>Haftung f&uuml;r Inhalte<\/h3><p>Als Diensteanbieter sind wir gem&auml;&szlig; &sect; 7 Abs.1 TMG f&uuml;r eigene Inhalte auf diesen Seiten nach den allgemeinen Gesetzen verantwortlich. Nach &sect;&sect; 8 bis 10 TMG sind wir als Diensteanbieter jedoch nicht verpflichtet, &uuml;bermittelte oder gespeicherte fremde Informationen zu &uuml;berwachen oder nach Umst&auml;nden zu forschen, die auf eine rechtswidrige T&auml;tigkeit hinweisen.<\/p><p>Verpflichtungen zur Entfernung oder Sperrung der Nutzung von Informationen nach den allgemeinen Gesetzen bleiben hiervon unber&uuml;hrt. Eine diesbez&uuml;gliche Haftung ist jedoch erst ab dem Zeitpunkt der Kenntnis einer konkreten Rechtsverletzung m&ouml;glich. Bei Bekanntwerden von entsprechenden Rechtsverletzungen werden wir diese Inhalte umgehend entfernen.<\/p><p>Die auf dieser Webseite und &uuml;ber diese Webseite aufrufbaren Inhalte in den sozailen Netzwerken (Facebook, LinkedIn, Instagram, Twitter, Youtube und Vimeo) stellen keine Rechtsberatung dar. Jegliche Haftung im Zusammenhang mit der Nutzung von Inhalten dieser Webseite und &uuml;ber diese Webseite aufrufbaren Inhalte in den genannten sozialen Netzwerken oder dem Vertrauen auf deren Richtigkeit ist ausgeschlossen.<\/p><h3>Haftung f&uuml;r Links<\/h3><p>Unser Angebot enth&auml;lt Links zu externen Websites Dritter, auf deren Inhalte wir keinen Einfluss haben. Deshalb k&ouml;nnen wir f&uuml;r diese fremden Inhalte auch keine Gew&auml;hr &uuml;bernehmen. F&uuml;r die Inhalte der verlinkten Seiten ist stets der jeweilige Anbieter oder Betreiber der Seiten verantwortlich. Die verlinkten Seiten wurden zum Zeitpunkt der Verlinkung auf m&ouml;gliche Rechtsverst&ouml;&szlig;e &uuml;berpr&uuml;ft. Rechtswidrige Inhalte waren zum Zeitpunkt der Verlinkung nicht erkennbar.<\/p><p>Eine permanente inhaltliche Kontrolle der verlinkten Seiten ist jedoch ohne konkrete Anhaltspunkte einer Rechtsverletzung nicht zumutbar. Bei Bekanntwerden von Rechtsverletzungen werden wir derartige Links umgehend entfernen.<\/p><h3>Urheberrecht<\/h3><p>Die durch die Seitenbetreiber erstellten Inhalte und Werke auf diesen Seiten unterliegen dem deutschen Urheberrecht. Die Vervielf&auml;ltigung, Bearbeitung, Verbreitung und jede Art der Verwertung au&szlig;erhalb der Grenzen des Urheberrechtes bed&uuml;rfen der schriftlichen Zustimmung des jeweiligen Autors bzw. Erstellers. Downloads und Kopien dieser Seite sind nur f&uuml;r den privaten, nicht kommerziellen Gebrauch gestattet.<\/p><p>Soweit die Inhalte auf dieser Seite nicht vom Betreiber erstellt wurden, werden die Urheberrechte Dritter beachtet. Insbesondere werden Inhalte Dritter als solche gekennzeichnet. Sollten Sie trotzdem auf eine Urheberrechtsverletzung aufmerksam werden, bitten wir um einen entsprechenden Hinweis. Bei Bekanntwerden von Rechtsverletzungen werden wir derartige Inhalte umgehend entfernen.<\/p><h3>Anwendbares Recht<\/h3><p>Die rechtlichen Hinweise auf dieser Seite sowie alle Fragen und Streitigkeiten im Zusammenhang mit dieser Webseite und den &uuml;ber diese Webseite aufrufbaren Seiten in den sozialen Netzwerken (Facebook, LinkedIn, Instagram, Twitter, Youtube und Vimeo) unterliegen dem Recht der Bundesrepublik Deutschland.<\/p>\t\t\t\t\t\t\t\t<\/div>\n\t\t\t\t<\/div>\n\t\t\t\t\t<\/div>\n\t\t<\/div>\n\t\t\t\t\t<\/div>\n\t\t<\/section>\n\t\t\t\t<section class=\"elementor-section elementor-top-section elementor-element elementor-element-8e6bcb6 elementor-hidden-desktop elementor-section-boxed elementor-section-height-default elementor-section-height-default\" data-id=\"8e6bcb6\" data-element_type=\"section\" data-e-type=\"section\" data-settings='{\"jet_parallax_layout_list\":[{\"jet_parallax_layout_image\":{\"url\":\"\",\"id\":\"\",\"size\":\"\"},\"_id\":\"86fa454\",\"jet_parallax_layout_image_tablet\":{\"url\":\"\",\"id\":\"\",\"size\":\"\"},\"jet_parallax_layout_image_mobile\":{\"url\":\"\",\"id\":\"\",\"size\":\"\"},\"jet_parallax_layout_speed\":{\"unit\":\"%\",\"size\":50,\"sizes\":[]},\"jet_parallax_layout_type\":\"scroll\",\"jet_parallax_layout_direction\":\"1\",\"jet_parallax_layout_fx_direction\":null,\"jet_parallax_layout_z_index\":\"\",\"jet_parallax_layout_bg_x\":50,\"jet_parallax_layout_bg_x_tablet\":\"\",\"jet_parallax_layout_bg_x_mobile\":\"\",\"jet_parallax_layout_bg_y\":50,\"jet_parallax_layout_bg_y_tablet\":\"\",\"jet_parallax_layout_bg_y_mobile\":\"\",\"jet_parallax_layout_bg_size\":\"auto\",\"jet_parallax_layout_bg_size_tablet\":\"\",\"jet_parallax_layout_bg_size_mobile\":\"\",\"jet_parallax_layout_animation_prop\":\"transform\",\"jet_parallax_layout_on\":[\"desktop\",\"tablet\"]}]}'>\n\t\t\t\t\t\t<div class=\"elementor-container elementor-column-gap-no\">\n\t\t\t\t\t<div class=\"elementor-column elementor-col-100 elementor-top-column elementor-element elementor-element-60d4b34\" data-id=\"60d4b34\" data-element_type=\"column\" data-e-type=\"column\">\n\t\t\t<div class=\"elementor-widget-wrap elementor-element-populated\">\n\t\t\t\t\t\t<div class=\"elementor-element elementor-element-7ff4d32 elementor-widget elementor-widget-heading\" data-id=\"7ff4d32\" data-element_type=\"widget\" data-e-type=\"widget\" data-widget_type=\"heading.default\">\n\t\t\t\t<div class=\"elementor-widget-container\">\n\t\t\t\t\t<span class=\"elementor-heading-title elementor-size-default\">Impressum<\/span>\t\t\t\t<\/div>\n\t\t\t\t<\/div>\n\t\t\t\t<div class=\"elementor-element elementor-element-d221c59 elementor-widget elementor-widget-text-editor\" data-id=\"d221c59\" data-element_type=\"widget\" data-e-type=\"widget\" data-widget_type=\"text-editor.default\">\n\t\t\t\t<div class=\"elementor-widget-container\">\n\t\t\t\t\t\t\t\t\t<div><div><h3>Angaben gem&auml;&szlig; &sect; 5 TMG<\/h3><p>Dr. Till Kruse<br>Kanzlei Kruse<br>Friedrichsstra&szlig;e 95<br>10117 Berlin<\/p><h3>Kontakt<\/h3><p>Telefon: 030 346 468 093<br>Telefax: 030 346 468 095<br>E-Mail: info@kanzleikruse.com<\/p><h3>Umsatzsteuer-ID&nbsp;<\/h3><p>Umsatzsteuer-Identifikationsnummer nach &sect; 27 a Umsatzsteuergesetz:<br>DE311068792<\/p><h3>Berufszulassung und Aufsichtsbeh&ouml;rde&nbsp;<\/h3><p>Rechtsanw&auml;lte der Kanzlei Kruse sind als Rechtsanw&auml;lte in der Bundesrepublik Deutschland zugelassen und Mitglied der zust&auml;ndigen Rechtsanwaltskammer Berlin (Littenstra&szlig;e 9, 10179 Berlin) als Zulassungs- und Aufsichtsbeh&ouml;rde.<\/p><p>Berufsbezeichnung: Rechtsanwalt<br>Kammer: RAK Berlin<br>Berufsbezeichnung verliehen im Land: Berlin<\/p><h3>Berufsrechtliche Regelungen<\/h3><p>F&uuml;r die Rechtsanw&auml;lte der Kanzlei Kruse gelten im wesentlichen folgende berufsrechtliche Regelungen:<\/p><ul><li>die Bundesrechtsanwaltsordnung (BRAO)<\/li><li>die Berufsordnung der Rechtsanw&auml;lte (BORA)<\/li><li>das Gesetz &uuml;ber die Verg&uuml;tung der Rechtsanw&auml;ltinnen und Rechtsanw&auml;lte (Rechtsanwaltsverg&uuml;tungsgesetz &ndash; RVG)<\/li><li>die Fachanwaltsordnung (FAO)<\/li><li>die Berufsregeln der Rechtsanw&auml;lte der Europ&auml;ischen Gemeinschaft (CCBE-Berufsregeln)<\/li><\/ul><p>Diese berufsrechtlichen Regelungen k&ouml;nnen auf den Internet-Seiten der Bundesrechtsanwaltskammer unter www.brak.de abgerufen werden.<br>Link:&nbsp;<a href=\"http:\/\/www.brak.de\/fuer-anwaelte\/berufsrecht\/\">http:\/\/www.brak.de\/fuer-anwaelte\/berufsrecht\/<\/a><\/p><h3>Berufshaftpflichtversicherung<\/h3><p>Die Rechtsanw&auml;lte der Kanzlei Kruse unterhalten die erforderliche Berufshaftpflichtversicherung bei der R+V Allgemeine Versicherung AG, Voltastra&szlig;e 84, 60486 Frankfurt. Der r&auml;umliche Geltungsbereich des Versicherungsschutzes umfasst T&auml;tigkeiten in den Mitgliedsl&auml;ndern der Europ&auml;ischen Union und gen&uuml;gt mindestens den Anforderungen des &sect; 51 BRAO.<\/p><h3>EU-Streitschlichtung<\/h3><p>Die Europ&auml;ische Kommission stellt eine Plattform zur Online-Streitbeilegung (OS) bereit: <a href=\"https:\/\/ec.europa.eu\/consumers\/odr\" target=\"_blank\" rel=\"noopener noreferrer\">https:\/\/ec.europa.eu\/consumers\/odr<\/a>.<br>Unsere E-Mail-Adresse finden Sie oben im Impressum.<\/p><h3>Verbraucher&shy;streit&shy;beilegung\/Universal&shy;schlichtungs&shy;stelle<\/h3><p>Wir sind nicht bereit oder verpflichtet, an Streitbeilegungsverfahren vor einer Verbraucherschlichtungsstelle teilzunehmen.<\/p><h3>Verantwortlich f&uuml;r den Inhalt&nbsp;(gem. &sect; 55 Abs. 2 RStV):<\/h3><p>Rechtsanwalt Dr. Till Kruse<br>Friedrichstra&szlig;e 95<br>10117 Berlin<\/p><h3>Haftung f&uuml;r Inhalte<\/h3><p>Als Diensteanbieter sind wir gem&auml;&szlig; &sect; 7 Abs.1 TMG f&uuml;r eigene Inhalte auf diesen Seiten nach den allgemeinen Gesetzen verantwortlich. Nach &sect;&sect; 8 bis 10 TMG sind wir als Diensteanbieter jedoch nicht verpflichtet, &uuml;bermittelte oder gespeicherte fremde Informationen zu &uuml;berwachen oder nach Umst&auml;nden zu forschen, die auf eine rechtswidrige T&auml;tigkeit hinweisen.<\/p><p>Verpflichtungen zur Entfernung oder Sperrung der Nutzung von Informationen nach den allgemeinen Gesetzen bleiben hiervon unber&uuml;hrt. Eine diesbez&uuml;gliche Haftung ist jedoch erst ab dem Zeitpunkt der Kenntnis einer konkreten Rechtsverletzung m&ouml;glich. Bei Bekanntwerden von entsprechenden Rechtsverletzungen werden wir diese Inhalte umgehend entfernen.<\/p><p>Die auf dieser Webseite und &uuml;ber diese Webseite aufrufbaren Inhalte in den sozailen Netzwerken (Facebook, LinkedIn, Instagram, Twitter, Youtube und Vimeo) stellen keine Rechtsberatung dar. Jegliche Haftung im Zusammenhang mit der Nutzung von Inhalten dieser Webseite und &uuml;ber diese Webseite aufrufbaren Inhalte in den genannten sozialen Netzwerken oder dem Vertrauen auf deren Richtigkeit ist ausgeschlossen.<\/p><h3>Haftung f&uuml;r Links<\/h3><p>Unser Angebot enth&auml;lt Links zu externen Websites Dritter, auf deren Inhalte wir keinen Einfluss haben. Deshalb k&ouml;nnen wir f&uuml;r diese fremden Inhalte auch keine Gew&auml;hr &uuml;bernehmen. F&uuml;r die Inhalte der verlinkten Seiten ist stets der jeweilige Anbieter oder Betreiber der Seiten verantwortlich. Die verlinkten Seiten wurden zum Zeitpunkt der Verlinkung auf m&ouml;gliche Rechtsverst&ouml;&szlig;e &uuml;berpr&uuml;ft. Rechtswidrige Inhalte waren zum Zeitpunkt der Verlinkung nicht erkennbar.<\/p><p>Eine permanente inhaltliche Kontrolle der verlinkten Seiten ist jedoch ohne konkrete Anhaltspunkte einer Rechtsverletzung nicht zumutbar. Bei Bekanntwerden von Rechtsverletzungen werden wir derartige Links umgehend entfernen.<\/p><h3>Urheberrecht<\/h3><p>Die durch die Seitenbetreiber erstellten Inhalte und Werke auf diesen Seiten unterliegen dem deutschen Urheberrecht. Die Vervielf&auml;ltigung, Bearbeitung, Verbreitung und jede Art der Verwertung au&szlig;erhalb der Grenzen des Urheberrechtes bed&uuml;rfen der schriftlichen Zustimmung des jeweiligen Autors bzw. Erstellers. Downloads und Kopien dieser Seite sind nur f&uuml;r den privaten, nicht kommerziellen Gebrauch gestattet.<\/p><p>Soweit die Inhalte auf dieser Seite nicht vom Betreiber erstellt wurden, werden die Urheberrechte Dritter beachtet. Insbesondere werden Inhalte Dritter als solche gekennzeichnet. Sollten Sie trotzdem auf eine Urheberrechtsverletzung aufmerksam werden, bitten wir um einen entsprechenden Hinweis. Bei Bekanntwerden von Rechtsverletzungen werden wir derartige Inhalte umgehend entfernen.<\/p><h3>Anwendbares Recht<\/h3><p>Die rechtlichen Hinweise auf dieser Seite sowie alle Fragen und Streitigkeiten im Zusammenhang mit dieser Webseite und den &uuml;ber diese Webseite aufrufbaren Seiten in den sozialen Netzwerken (Facebook, LinkedIn, Instagram, Twitter, Youtube und Vimeo) unterliegen dem Recht der Bundesrepublik Deutschland.<\/p><\/div><\/div><p><style>@font-face<br \/>\n\t{font-family:\"Cambria Math\";<br \/>\n\tpanose-1:2 4 5 3 5 4 6 3 2 4;<br \/>\n\tmso-font-charset:0;<br \/>\n\tmso-generic-font-family:roman;<br \/>\n\tmso-font-pitch:variable;<br \/>\n\tmso-font-signature:-536870145 1107305727 0 0 415 0;}@font-face<br \/>\n\t{font-family:Calibri;<br \/>\n\tpanose-1:2 15 5 2 2 2 4 3 2 4;<br \/>\n\tmso-font-charset:0;<br \/>\n\tmso-generic-font-family:swiss;<br \/>\n\tmso-font-pitch:variable;<br \/>\n\tmso-font-signature:-536859905 -1073732485 9 0 511 0;}@font-face<br \/>\n\t{font-family:Verdana;<br \/>\n\tpanose-1:2 11 6 4 3 5 4 4 2 4;<br \/>\n\tmso-font-charset:0;<br \/>\n\tmso-generic-font-family:swiss;<br \/>\n\tmso-font-pitch:variable;<br \/>\n\tmso-font-signature:-1593833729 1073750107 16 0 415 0;}p.MsoNormal, li.MsoNormal, div.MsoNormal<br \/>\n\t{mso-style-unhide:no;<br \/>\n\tmso-style-qformat:yes;<br \/>\n\tmso-style-parent:\"\";<br \/>\n\tmargin:0cm;<br \/>\n\tmargin-bottom:.0001pt;<br \/>\n\tmso-pagination:widow-orphan;<br \/>\n\tfont-size:12.0pt;<br \/>\n\tfont-family:\"Calibri\",sans-serif;<br \/>\n\tmso-ascii-font-family:Calibri;<br \/>\n\tmso-ascii-theme-font:minor-latin;<br \/>\n\tmso-fareast-font-family:Calibri;<br \/>\n\tmso-fareast-theme-font:minor-latin;<br \/>\n\tmso-hansi-font-family:Calibri;<br \/>\n\tmso-hansi-theme-font:minor-latin;<br \/>\n\tmso-bidi-font-family:\"Times New Roman\";<br \/>\n\tmso-bidi-theme-font:minor-bidi;<br \/>\n\tmso-fareast-language:EN-US;}.MsoChpDefault<br \/>\n\t{mso-style-type:export-only;<br \/>\n\tmso-default-props:yes;<br \/>\n\tfont-family:\"Calibri\",sans-serif;<br \/>\n\tmso-ascii-font-family:Calibri;<br \/>\n\tmso-ascii-theme-font:minor-latin;<br \/>\n\tmso-fareast-font-family:Calibri;<br \/>\n\tmso-fareast-theme-font:minor-latin;<br \/>\n\tmso-hansi-font-family:Calibri;<br \/>\n\tmso-hansi-theme-font:minor-latin;<br \/>\n\tmso-bidi-font-family:\"Times New Roman\";<br \/>\n\tmso-bidi-theme-font:minor-bidi;<br \/>\n\tmso-fareast-language:EN-US;}div.WordSection1<br \/>\n\t{page:WordSection1;}<\/style><\/p>\t\t\t\t\t\t\t\t<\/div>\n\t\t\t\t<\/div>\n\t\t\t\t\t<\/div>\n\t\t<\/div>\n\t\t\t\t\t<\/div>\n\t\t<\/section>\n\t\t\t\t<\/div>\n\t\t","protected":false},"excerpt":{"rendered":"<p>Impressum Angaben gem\u00e4\u00df \u00a7 5 TMG Dr. Till KruseKanzlei KruseFriedrichsstra\u00dfe 9510117 Berlin Kontakt Telefon: 030 346 468 093Telefax: 030 346 468 095E-Mail: info@kanzleikruse.com Umsatzsteuer-ID\u00a0 Umsatzsteuer-Identifikationsnummer nach \u00a727a Umsatzsteuergesetz:DE311068792 Berufszulassung und Aufsichtsbeh\u00f6rde\u00a0 Rechtsanw\u00e4lte der Kanzlei Kruse sind als Rechtsanw\u00e4lte in der Bundesrepublik Deutschland zugelassen und Mitglied der zust\u00e4ndigen Rechtsanwaltskammer Berlin (Littenstra\u00dfe 9, 10179 Berlin) als Zulassungs- [&hellip;]<\/p>\n","protected":false},"author":2,"featured_media":0,"parent":0,"menu_order":0,"comment_status":"closed","ping_status":"closed","template":"full-width.php","meta":{"_acf_changed":false,"footnotes":""},"class_list":["post-800","page","type-page","status-publish","hentry"],"acf":[],"yoast_head":"<!-- This site is optimized with the Yoast SEO plugin v27.6 - https:\/\/yoast.com\/product\/yoast-seo-wordpress\/ -->\n<title>Impressum - Kanzlei Kruse<\/title>\n<meta name=\"robots\" content=\"noindex, follow\" \/>\n<meta property=\"og:locale\" content=\"en_US\" \/>\n<meta property=\"og:type\" content=\"article\" \/>\n<meta property=\"og:title\" content=\"Impressum - Kanzlei Kruse\" \/>\n<meta property=\"og:description\" content=\"Impressum Angaben gem\u00e4\u00df \u00a7 5 TMG Dr. Till KruseKanzlei KruseFriedrichsstra\u00dfe 9510117 Berlin Kontakt Telefon: 030 346 468 093Telefax: 030 346 468 095E-Mail: info@kanzleikruse.com Umsatzsteuer-ID\u00a0 Umsatzsteuer-Identifikationsnummer nach \u00a727a Umsatzsteuergesetz:DE311068792 Berufszulassung und Aufsichtsbeh\u00f6rde\u00a0 Rechtsanw\u00e4lte der Kanzlei Kruse sind als Rechtsanw\u00e4lte in der Bundesrepublik Deutschland zugelassen und Mitglied der zust\u00e4ndigen Rechtsanwaltskammer Berlin (Littenstra\u00dfe 9, 10179 Berlin) als Zulassungs- [&hellip;]\" \/>\n<meta property=\"og:url\" content=\"https:\/\/kanzleikruse.com\/en\/impressum\/\" \/>\n<meta property=\"og:site_name\" content=\"Kanzlei Kruse\" \/>\n<meta property=\"article:modified_time\" content=\"2021-02-18T16:38:42+00:00\" \/>\n<meta name=\"twitter:card\" content=\"summary_large_image\" \/>\n<meta name=\"twitter:label1\" content=\"Est. reading time\" \/>\n\t<meta name=\"twitter:data1\" content=\"6 minutes\" \/>\n<script type=\"application\/ld+json\" class=\"yoast-schema-graph\">{\"@context\":\"https:\\\/\\\/schema.org\",\"@graph\":[{\"@type\":\"WebPage\",\"@id\":\"https:\\\/\\\/kanzleikruse.com\\\/impressum\\\/\",\"url\":\"https:\\\/\\\/kanzleikruse.com\\\/impressum\\\/\",\"name\":\"Impressum - Kanzlei Kruse\",\"isPartOf\":{\"@id\":\"https:\\\/\\\/kanzleikruse.com\\\/#website\"},\"datePublished\":\"2020-11-19T12:32:26+00:00\",\"dateModified\":\"2021-02-18T16:38:42+00:00\",\"breadcrumb\":{\"@id\":\"https:\\\/\\\/kanzleikruse.com\\\/impressum\\\/#breadcrumb\"},\"inLanguage\":\"en-US\",\"potentialAction\":[{\"@type\":\"ReadAction\",\"target\":[\"https:\\\/\\\/kanzleikruse.com\\\/impressum\\\/\"]}]},{\"@type\":\"BreadcrumbList\",\"@id\":\"https:\\\/\\\/kanzleikruse.com\\\/impressum\\\/#breadcrumb\",\"itemListElement\":[{\"@type\":\"ListItem\",\"position\":1,\"name\":\"Startseite\",\"item\":\"https:\\\/\\\/kanzleikruse.com\\\/\"},{\"@type\":\"ListItem\",\"position\":2,\"name\":\"Impressum\"}]},{\"@type\":\"WebSite\",\"@id\":\"https:\\\/\\\/kanzleikruse.com\\\/#website\",\"url\":\"https:\\\/\\\/kanzleikruse.com\\\/\",\"name\":\"Kanzlei Kruse\",\"description\":\"Wir helfen Ihnen pers\u00f6nlich, Ihr Recht durchzusetzen.\",\"potentialAction\":[{\"@type\":\"SearchAction\",\"target\":{\"@type\":\"EntryPoint\",\"urlTemplate\":\"https:\\\/\\\/kanzleikruse.com\\\/?s={search_term_string}\"},\"query-input\":{\"@type\":\"PropertyValueSpecification\",\"valueRequired\":true,\"valueName\":\"search_term_string\"}}],\"inLanguage\":\"en-US\"}]}<\/script>\n<!-- \/ Yoast SEO plugin. -->","yoast_head_json":{"title":"Imprint - Law firm Kruse","robots":{"index":"noindex","follow":"follow"},"og_locale":"en_US","og_type":"article","og_title":"Impressum - Kanzlei Kruse","og_description":"Impressum Angaben gem\u00e4\u00df \u00a7 5 TMG Dr. Till KruseKanzlei KruseFriedrichsstra\u00dfe 9510117 Berlin Kontakt Telefon: 030 346 468 093Telefax: 030 346 468 095E-Mail: info@kanzleikruse.com Umsatzsteuer-ID\u00a0 Umsatzsteuer-Identifikationsnummer nach \u00a727a Umsatzsteuergesetz:DE311068792 Berufszulassung und Aufsichtsbeh\u00f6rde\u00a0 Rechtsanw\u00e4lte der Kanzlei Kruse sind als Rechtsanw\u00e4lte in der Bundesrepublik Deutschland zugelassen und Mitglied der zust\u00e4ndigen Rechtsanwaltskammer Berlin (Littenstra\u00dfe 9, 10179 Berlin) als Zulassungs- [&hellip;]","og_url":"https:\/\/kanzleikruse.com\/en\/impressum\/","og_site_name":"Kanzlei Kruse","article_modified_time":"2021-02-18T16:38:42+00:00","twitter_card":"summary_large_image","twitter_misc":{"Est. reading time":"6 minutes"},"schema":{"@context":"https:\/\/schema.org","@graph":[{"@type":"WebPage","@id":"https:\/\/kanzleikruse.com\/impressum\/","url":"https:\/\/kanzleikruse.com\/impressum\/","name":"Imprint - Law firm Kruse","isPartOf":{"@id":"https:\/\/kanzleikruse.com\/#website"},"datePublished":"2020-11-19T12:32:26+00:00","dateModified":"2021-02-18T16:38:42+00:00","breadcrumb":{"@id":"https:\/\/kanzleikruse.com\/impressum\/#breadcrumb"},"inLanguage":"en-US","potentialAction":[{"@type":"ReadAction","target":["https:\/\/kanzleikruse.com\/impressum\/"]}]},{"@type":"BreadcrumbList","@id":"https:\/\/kanzleikruse.com\/impressum\/#breadcrumb","itemListElement":[{"@type":"ListItem","position":1,"name":"Startseite","item":"https:\/\/kanzleikruse.com\/"},{"@type":"ListItem","position":2,"name":"Impressum"}]},{"@type":"WebSite","@id":"https:\/\/kanzleikruse.com\/#website","url":"https:\/\/kanzleikruse.com\/","name":"Kruse law firm","description":"We will help you personally to enforce your rights.","potentialAction":[{"@type":"SearchAction","target":{"@type":"EntryPoint","urlTemplate":"https:\/\/kanzleikruse.com\/?s={search_term_string}"},"query-input":{"@type":"PropertyValueSpecification","valueRequired":true,"valueName":"search_term_string"}}],"inLanguage":"en-US"}]}},"_links":{"self":[{"href":"https:\/\/kanzleikruse.com\/en\/wp-json\/wp\/v2\/pages\/800","targetHints":{"allow":["GET"]}}],"collection":[{"href":"https:\/\/kanzleikruse.com\/en\/wp-json\/wp\/v2\/pages"}],"about":[{"href":"https:\/\/kanzleikruse.com\/en\/wp-json\/wp\/v2\/types\/page"}],"author":[{"embeddable":true,"href":"https:\/\/kanzleikruse.com\/en\/wp-json\/wp\/v2\/users\/2"}],"replies":[{"embeddable":true,"href":"https:\/\/kanzleikruse.com\/en\/wp-json\/wp\/v2\/comments?post=800"}],"version-history":[{"count":0,"href":"https:\/\/kanzleikruse.com\/en\/wp-json\/wp\/v2\/pages\/800\/revisions"}],"wp:attachment":[{"href":"https:\/\/kanzleikruse.com\/en\/wp-json\/wp\/v2\/media?parent=800"}],"curies":[{"name":"wp","href":"https:\/\/api.w.org\/{rel}","templated":true}]}}