{"id":809,"date":"2020-11-19T13:34:45","date_gmt":"2020-11-19T12:34:45","guid":{"rendered":"https:\/\/kanzleikruse.com\/?page_id=809"},"modified":"2021-01-20T14:01:07","modified_gmt":"2021-01-20T13:01:07","slug":"widerrufsbelehrung","status":"publish","type":"page","link":"https:\/\/kanzleikruse.com\/en\/widerrufsbelehrung\/","title":{"rendered":"cancellation policy"},"content":{"rendered":"\t\t<div data-elementor-type=\"wp-page\" data-elementor-id=\"809\" class=\"elementor elementor-809\" data-elementor-post-type=\"page\">\n\t\t\t\t\t\t<section class=\"elementor-section elementor-top-section elementor-element elementor-element-24503ce elementor-hidden-tablet elementor-hidden-phone elementor-section-boxed elementor-section-height-default elementor-section-height-default\" data-id=\"24503ce\" data-element_type=\"section\" data-e-type=\"section\" data-settings='{\"jet_parallax_layout_list\":[{\"jet_parallax_layout_image\":{\"url\":\"\",\"id\":\"\",\"size\":\"\"},\"_id\":\"86fa454\",\"jet_parallax_layout_image_tablet\":{\"url\":\"\",\"id\":\"\",\"size\":\"\"},\"jet_parallax_layout_image_mobile\":{\"url\":\"\",\"id\":\"\",\"size\":\"\"},\"jet_parallax_layout_speed\":{\"unit\":\"%\",\"size\":50,\"sizes\":[]},\"jet_parallax_layout_type\":\"scroll\",\"jet_parallax_layout_direction\":\"1\",\"jet_parallax_layout_fx_direction\":null,\"jet_parallax_layout_z_index\":\"\",\"jet_parallax_layout_bg_x\":50,\"jet_parallax_layout_bg_x_tablet\":\"\",\"jet_parallax_layout_bg_x_mobile\":\"\",\"jet_parallax_layout_bg_y\":50,\"jet_parallax_layout_bg_y_tablet\":\"\",\"jet_parallax_layout_bg_y_mobile\":\"\",\"jet_parallax_layout_bg_size\":\"auto\",\"jet_parallax_layout_bg_size_tablet\":\"\",\"jet_parallax_layout_bg_size_mobile\":\"\",\"jet_parallax_layout_animation_prop\":\"transform\",\"jet_parallax_layout_on\":[\"desktop\",\"tablet\"]}]}'>\n\t\t\t\t\t\t<div class=\"elementor-container elementor-column-gap-no\">\n\t\t\t\t\t<div class=\"elementor-column elementor-col-100 elementor-top-column elementor-element elementor-element-e71df48\" data-id=\"e71df48\" data-element_type=\"column\" data-e-type=\"column\">\n\t\t\t<div class=\"elementor-widget-wrap elementor-element-populated\">\n\t\t\t\t\t\t<div class=\"elementor-element elementor-element-224d19c elementor-widget elementor-widget-heading\" data-id=\"224d19c\" data-element_type=\"widget\" data-e-type=\"widget\" data-widget_type=\"heading.default\">\n\t\t\t\t<div class=\"elementor-widget-container\">\n\t\t\t\t\t<span class=\"elementor-heading-title elementor-size-default\">Widerrufsbelehrung gem&auml;&szlig; &sect;&nbsp;312g BGB, Art&nbsp;246a EGBGB\n<\/span>\t\t\t\t<\/div>\n\t\t\t\t<\/div>\n\t\t\t\t<div class=\"elementor-element elementor-element-a5264d5 elementor-widget elementor-widget-text-editor\" data-id=\"a5264d5\" data-element_type=\"widget\" data-e-type=\"widget\" data-widget_type=\"text-editor.default\">\n\t\t\t\t<div class=\"elementor-widget-container\">\n\t\t\t\t\t\t\t\t\t<p class=\"p1\"><b>Belehrung &uuml;ber das Widerrufsrecht<\/b><\/p><p class=\"p2\">Wenn Sie Verbraucher sind, haben das Recht, binnen vierzehn Tagen den abgeschlossenen Mandatsvertrag ohne Angabe von Gr&uuml;nden zu widerrufen.<\/p><p class=\"p2\">Die Widerrufsfrist betr&auml;gt 14&nbsp;Tage beginnend mit dem Tag des Vertragsschlusses bzw. dem Erhalt einer ordnungsgem&auml;&szlig;en Widerrufsbelehrung. Das Widerrufsrecht wird durch Abgabe einer eindeutigen Erkl&auml;rung (z. B. schriftlich, per Telefax oder per E-Mail) ausge&uuml;bt, indem Sie uns &uuml;ber Ihren Entschluss, diesen Vertrag zu wiederrufen, informieren. Die Erkl&auml;rung ist gegen&uuml;ber uns, also<\/p><p class=\"p2\">Kanzlei Kruse,<br>Friedrichsstra&szlig;e 95<br>10117 Berlin<br>Telefon: 030 346 468 093<br>Telefax: 030 346 468 095<br>E-Mail: info@kanzleikruse.com<\/p><p class=\"p3\">abzugeben. Sie k&ouml;nnen daf&uuml;r das beigef&uuml;gte Muster &ndash; <a href=\"#Widerrufsformular\">Widerrufsformular<\/a> &ndash; verwenden, dies ist jedoch nicht vorgeschrieben. Zur Wahrung der Widerrufsfrist reicht es aus, wenn Sie die Mitteilung &uuml;ber die Aus&uuml;bung des Widerrufsrechts vor Ablauf der Widerrufsfrist absenden.<\/p><p class=\"p1\"><b>Folgen des Widerrufs<\/b><\/p><p class=\"p2\">Wenn Sie diesen Vertrag widerrufen, werden Ihnen alle Zahlungen, die wir von Ihnen erhalten haben, unverz&uuml;glich und sp&auml;testens binnen 14&nbsp;Tagen ab dem Tag zur&uuml;ckgezahlt, an dem die Mitteilung &uuml;ber den Widerruf dieses Vertrages bei uns eingegangen ist. F&uuml;r diese R&uuml;ckzahlung verwenden wir dasselbe Zahlungsmittel, das Sie bei der urspr&uuml;nglichen Transaktion eingesetzt haben, es sei denn, mit Ihnen wurde ausdr&uuml;cklich etwas anders vereinbart. In keinem Fall werden Ihnen wegen dieser R&uuml;ckzahlung Entgelte berechnet.<\/p><p class=\"p2\">Haben Sie verlangt, dass die Dienstleistungen w&auml;hrend der Widerrufsfrist beginnen soll, so haben Sie einen angemessenen Betrag zu zahlen, der dem Anteil, der bis zum Zeitpunkt, zu dem Sie uns vor der Aus&uuml;bung des Widerrufsrechts hinsichtlich des Vertrages unterrichten, bereits erbrachten Dienstleistung im Vergleich zum Gesamtumfang, der im Vertrag vorgesehenen Dienstleistung entspricht.<\/p><p class=\"p2\">Das Widerrufsrecht erlischt bei einem Vertrag zur Erbringung von Dienstleistungen auch dann, wenn die Leistung vollst&auml;ndig erbracht wurde und mit der Ausf&uuml;hrung der Dienstleistung erst nach Ihrer ausdr&uuml;cklichen Zustimmung hierzu begonnen wurde und sie Ihre Kenntnis davon best&auml;tigt haben, dass Sie Ihr Widerrufsrecht bei vollst&auml;ndiger Vertragserf&uuml;llung verlieren.<\/p><p class=\"p2\">Berlin, Januar 2021<\/p>\t\t\t\t\t\t\t\t<\/div>\n\t\t\t\t<\/div>\n\t\t\t\t<div class=\"elementor-element elementor-element-1f4daa9 elementor-widget elementor-widget-text-editor\" data-id=\"1f4daa9\" data-element_type=\"widget\" data-e-type=\"widget\" id=\"Widerrufsformular\" data-widget_type=\"text-editor.default\">\n\t\t\t\t<div class=\"elementor-widget-container\">\n\t\t\t\t\t\t\t\t\t<p class=\"p1\"><a href=\"https:\/\/kanzleikruse.com\/wp-content\/uploads\/2020\/12\/Muster-Widerrufsformular-.pdf\" target=\"_blank\" rel=\"noopener\"><span class=\"s1\">Muster Widerrufsformular hier Downloaden<\/span><\/a><\/p>\t\t\t\t\t\t\t\t<\/div>\n\t\t\t\t<\/div>\n\t\t\t\t\t<\/div>\n\t\t<\/div>\n\t\t\t\t\t<\/div>\n\t\t<\/section>\n\t\t\t\t<section class=\"elementor-section elementor-top-section elementor-element elementor-element-0044d37 elementor-hidden-desktop elementor-section-boxed elementor-section-height-default elementor-section-height-default\" data-id=\"0044d37\" data-element_type=\"section\" data-e-type=\"section\" data-settings='{\"jet_parallax_layout_list\":[{\"jet_parallax_layout_image\":{\"url\":\"\",\"id\":\"\",\"size\":\"\"},\"_id\":\"86fa454\",\"jet_parallax_layout_image_tablet\":{\"url\":\"\",\"id\":\"\",\"size\":\"\"},\"jet_parallax_layout_image_mobile\":{\"url\":\"\",\"id\":\"\",\"size\":\"\"},\"jet_parallax_layout_speed\":{\"unit\":\"%\",\"size\":50,\"sizes\":[]},\"jet_parallax_layout_type\":\"scroll\",\"jet_parallax_layout_direction\":\"1\",\"jet_parallax_layout_fx_direction\":null,\"jet_parallax_layout_z_index\":\"\",\"jet_parallax_layout_bg_x\":50,\"jet_parallax_layout_bg_x_tablet\":\"\",\"jet_parallax_layout_bg_x_mobile\":\"\",\"jet_parallax_layout_bg_y\":50,\"jet_parallax_layout_bg_y_tablet\":\"\",\"jet_parallax_layout_bg_y_mobile\":\"\",\"jet_parallax_layout_bg_size\":\"auto\",\"jet_parallax_layout_bg_size_tablet\":\"\",\"jet_parallax_layout_bg_size_mobile\":\"\",\"jet_parallax_layout_animation_prop\":\"transform\",\"jet_parallax_layout_on\":[\"desktop\",\"tablet\"]}]}'>\n\t\t\t\t\t\t<div class=\"elementor-container elementor-column-gap-no\">\n\t\t\t\t\t<div class=\"elementor-column elementor-col-100 elementor-top-column elementor-element elementor-element-865c469\" data-id=\"865c469\" data-element_type=\"column\" data-e-type=\"column\">\n\t\t\t<div class=\"elementor-widget-wrap elementor-element-populated\">\n\t\t\t\t\t\t<div class=\"elementor-element elementor-element-39b1e77 elementor-widget elementor-widget-heading\" data-id=\"39b1e77\" data-element_type=\"widget\" data-e-type=\"widget\" data-widget_type=\"heading.default\">\n\t\t\t\t<div class=\"elementor-widget-container\">\n\t\t\t\t\t<span class=\"elementor-heading-title elementor-size-default\">Widerrufsbelehrung gem&auml;&szlig; &sect;&nbsp;312g BGB, Art&nbsp;246a EGBGB\n<\/span>\t\t\t\t<\/div>\n\t\t\t\t<\/div>\n\t\t\t\t<div class=\"elementor-element elementor-element-c13864f elementor-widget elementor-widget-text-editor\" data-id=\"c13864f\" data-element_type=\"widget\" data-e-type=\"widget\" data-widget_type=\"text-editor.default\">\n\t\t\t\t<div class=\"elementor-widget-container\">\n\t\t\t\t\t\t\t\t\t<p class=\"p1\"><b>Belehrung &uuml;ber das Widerrufsrecht<\/b><\/p><p class=\"p2\">Wenn Sie Verbraucher sind, haben das Recht, binnen vierzehn Tagen den abgeschlossenen Mandatsvertrag ohne Angabe von Gr&uuml;nden zu widerrufen.<\/p><p class=\"p2\">Die Widerrufsfrist betr&auml;gt 14&nbsp;Tage beginnend mit dem Tag des Vertragsschlusses bzw. dem Erhalt einer ordnungsgem&auml;&szlig;en Widerrufsbelehrung. Das Widerrufsrecht wird durch Abgabe einer eindeutigen Erkl&auml;rung (z. B. schriftlich, per Telefax oder per E-Mail) ausge&uuml;bt, indem Sie uns &uuml;ber Ihren Entschluss, diesen Vertrag zu wiederrufen, informieren. Die Erkl&auml;rung ist gegen&uuml;ber uns, also<\/p><p class=\"p2\">Kanzlei Kruse,<br>Friedrichsstra&szlig;e 95<br>10117 Berlin<br>Telefon: 030 346 468 093<br>Telefax: 030 346 468 095<br>E-Mail: info@kanzleikruse.com<\/p><p class=\"p3\">abzugeben. Sie k&ouml;nnen daf&uuml;r das beigef&uuml;gte Muster &ndash; <a href=\"#Widerrufsformular\">Widerrufsformular<\/a> &ndash; verwenden, dies ist jedoch nicht vorgeschrieben. Zur Wahrung der Widerrufsfrist reicht es aus, wenn Sie die Mitteilung &uuml;ber die Aus&uuml;bung des Widerrufsrechts vor Ablauf der Widerrufsfrist absenden.<\/p><p class=\"p1\"><b>Folgen des Widerrufs<\/b><\/p><p class=\"p2\">Wenn Sie diesen Vertrag widerrufen, werden Ihnen alle Zahlungen, die wir von Ihnen erhalten haben, unverz&uuml;glich und sp&auml;testens binnen 14&nbsp;Tagen ab dem Tag zur&uuml;ckgezahlt, an dem die Mitteilung &uuml;ber den Widerruf dieses Vertrages bei uns eingegangen ist. F&uuml;r diese R&uuml;ckzahlung verwenden wir dasselbe Zahlungsmittel, das Sie bei der urspr&uuml;nglichen Transaktion eingesetzt haben, es sei denn, mit Ihnen wurde ausdr&uuml;cklich etwas anders vereinbart. In keinem Fall werden Ihnen wegen dieser R&uuml;ckzahlung Entgelte berechnet.<\/p><p class=\"p2\">Haben Sie verlangt, dass die Dienstleistungen w&auml;hrend der Widerrufsfrist beginnen soll, so haben Sie einen angemessenen Betrag zu zahlen, der dem Anteil, der bis zum Zeitpunkt, zu dem Sie uns vor der Aus&uuml;bung des Widerrufsrechts hinsichtlich des Vertrages unterrichten, bereits erbrachten Dienstleistung im Vergleich zum Gesamtumfang, der im Vertrag vorgesehenen Dienstleistung entspricht.<\/p><p class=\"p2\">Das Widerrufsrecht erlischt bei einem Vertrag zur Erbringung von Dienstleistungen auch dann, wenn die Leistung vollst&auml;ndig erbracht wurde und mit der Ausf&uuml;hrung der Dienstleistung erst nach Ihrer ausdr&uuml;cklichen Zustimmung hierzu begonnen wurde und sie Ihre Kenntnis davon best&auml;tigt haben, dass Sie Ihr Widerrufsrecht bei vollst&auml;ndiger Vertragserf&uuml;llung verlieren.<\/p><p class=\"p2\">Berlin, Januar 2021<\/p>\t\t\t\t\t\t\t\t<\/div>\n\t\t\t\t<\/div>\n\t\t\t\t<div class=\"elementor-element elementor-element-2a8025a elementor-widget elementor-widget-text-editor\" data-id=\"2a8025a\" data-element_type=\"widget\" data-e-type=\"widget\" data-widget_type=\"text-editor.default\">\n\t\t\t\t<div class=\"elementor-widget-container\">\n\t\t\t\t\t\t\t\t\t<p class=\"p1\"><a href=\"https:\/\/kanzleikruse.com\/wp-content\/uploads\/2020\/12\/Muster-Widerrufsformular-.pdf\" target=\"_blank\" rel=\"noopener\"><span class=\"s1\">Muster Widerrufsformular hier Downloaden<\/span><\/a><\/p>\t\t\t\t\t\t\t\t<\/div>\n\t\t\t\t<\/div>\n\t\t\t\t\t<\/div>\n\t\t<\/div>\n\t\t\t\t\t<\/div>\n\t\t<\/section>\n\t\t\t\t<section class=\"elementor-section elementor-top-section elementor-element elementor-element-1482f5a elementor-section-boxed elementor-section-height-default elementor-section-height-default\" data-id=\"1482f5a\" data-element_type=\"section\" data-e-type=\"section\" data-settings='{\"jet_parallax_layout_list\":[{\"jet_parallax_layout_image\":{\"url\":\"\",\"id\":\"\",\"size\":\"\"},\"_id\":\"b8c539f\",\"jet_parallax_layout_image_tablet\":{\"url\":\"\",\"id\":\"\",\"size\":\"\"},\"jet_parallax_layout_image_mobile\":{\"url\":\"\",\"id\":\"\",\"size\":\"\"},\"jet_parallax_layout_speed\":{\"unit\":\"%\",\"size\":50,\"sizes\":[]},\"jet_parallax_layout_type\":\"scroll\",\"jet_parallax_layout_direction\":\"1\",\"jet_parallax_layout_fx_direction\":null,\"jet_parallax_layout_z_index\":\"\",\"jet_parallax_layout_bg_x\":50,\"jet_parallax_layout_bg_x_tablet\":\"\",\"jet_parallax_layout_bg_x_mobile\":\"\",\"jet_parallax_layout_bg_y\":50,\"jet_parallax_layout_bg_y_tablet\":\"\",\"jet_parallax_layout_bg_y_mobile\":\"\",\"jet_parallax_layout_bg_size\":\"auto\",\"jet_parallax_layout_bg_size_tablet\":\"\",\"jet_parallax_layout_bg_size_mobile\":\"\",\"jet_parallax_layout_animation_prop\":\"transform\",\"jet_parallax_layout_on\":[\"desktop\",\"tablet\"]}]}'>\n\t\t\t\t\t\t<div class=\"elementor-container elementor-column-gap-default\">\n\t\t\t\t\t<div class=\"elementor-column elementor-col-100 elementor-top-column elementor-element elementor-element-485461c\" data-id=\"485461c\" data-element_type=\"column\" data-e-type=\"column\">\n\t\t\t<div class=\"elementor-widget-wrap\">\n\t\t\t\t\t\t\t<\/div>\n\t\t<\/div>\n\t\t\t\t\t<\/div>\n\t\t<\/section>\n\t\t\t\t<\/div>\n\t\t","protected":false},"excerpt":{"rendered":"<p>Widerrufsbelehrung gem\u00e4\u00df \u00a7\u00a0312g BGB, Art\u00a0246a EGBGB Belehrung \u00fcber das Widerrufsrecht Wenn Sie Verbraucher sind, haben das Recht, binnen vierzehn Tagen den abgeschlossenen Mandatsvertrag ohne Angabe von Gr\u00fcnden zu widerrufen. Die Widerrufsfrist betr\u00e4gt 14\u00a0Tage beginnend mit dem Tag des Vertragsschlusses bzw. dem Erhalt einer ordnungsgem\u00e4\u00dfen Widerrufsbelehrung. Das Widerrufsrecht wird durch Abgabe einer eindeutigen Erkl\u00e4rung (z. B. [&hellip;]<\/p>\n","protected":false},"author":2,"featured_media":0,"parent":0,"menu_order":0,"comment_status":"closed","ping_status":"closed","template":"full-width.php","meta":{"_acf_changed":false,"footnotes":""},"class_list":["post-809","page","type-page","status-publish","hentry"],"acf":[],"yoast_head":"<!-- This site is optimized with the Yoast SEO plugin v27.5 - https:\/\/yoast.com\/product\/yoast-seo-wordpress\/ -->\n<title>Widerrufsbelehrung - Kanzlei Kruse<\/title>\n<meta name=\"robots\" content=\"noindex, follow\" \/>\n<meta property=\"og:locale\" content=\"en_US\" \/>\n<meta property=\"og:type\" content=\"article\" \/>\n<meta property=\"og:title\" content=\"Widerrufsbelehrung - Kanzlei Kruse\" \/>\n<meta property=\"og:description\" content=\"Widerrufsbelehrung gem\u00e4\u00df \u00a7\u00a0312g BGB, Art\u00a0246a EGBGB Belehrung \u00fcber das Widerrufsrecht Wenn Sie Verbraucher sind, haben das Recht, binnen vierzehn Tagen den abgeschlossenen Mandatsvertrag ohne Angabe von Gr\u00fcnden zu widerrufen. Die Widerrufsfrist betr\u00e4gt 14\u00a0Tage beginnend mit dem Tag des Vertragsschlusses bzw. dem Erhalt einer ordnungsgem\u00e4\u00dfen Widerrufsbelehrung. Das Widerrufsrecht wird durch Abgabe einer eindeutigen Erkl\u00e4rung (z. B. [&hellip;]\" \/>\n<meta property=\"og:url\" content=\"https:\/\/kanzleikruse.com\/en\/widerrufsbelehrung\/\" \/>\n<meta property=\"og:site_name\" content=\"Kanzlei Kruse\" \/>\n<meta property=\"article:modified_time\" content=\"2021-01-20T13:01:07+00:00\" \/>\n<meta name=\"twitter:card\" content=\"summary_large_image\" \/>\n<meta name=\"twitter:label1\" content=\"Est. reading time\" \/>\n\t<meta name=\"twitter:data1\" content=\"3 minutes\" \/>\n<script type=\"application\/ld+json\" class=\"yoast-schema-graph\">{\"@context\":\"https:\\\/\\\/schema.org\",\"@graph\":[{\"@type\":\"WebPage\",\"@id\":\"https:\\\/\\\/kanzleikruse.com\\\/widerrufsbelehrung\\\/\",\"url\":\"https:\\\/\\\/kanzleikruse.com\\\/widerrufsbelehrung\\\/\",\"name\":\"Widerrufsbelehrung - Kanzlei Kruse\",\"isPartOf\":{\"@id\":\"https:\\\/\\\/kanzleikruse.com\\\/#website\"},\"datePublished\":\"2020-11-19T12:34:45+00:00\",\"dateModified\":\"2021-01-20T13:01:07+00:00\",\"breadcrumb\":{\"@id\":\"https:\\\/\\\/kanzleikruse.com\\\/widerrufsbelehrung\\\/#breadcrumb\"},\"inLanguage\":\"en-US\",\"potentialAction\":[{\"@type\":\"ReadAction\",\"target\":[\"https:\\\/\\\/kanzleikruse.com\\\/widerrufsbelehrung\\\/\"]}]},{\"@type\":\"BreadcrumbList\",\"@id\":\"https:\\\/\\\/kanzleikruse.com\\\/widerrufsbelehrung\\\/#breadcrumb\",\"itemListElement\":[{\"@type\":\"ListItem\",\"position\":1,\"name\":\"Startseite\",\"item\":\"https:\\\/\\\/kanzleikruse.com\\\/\"},{\"@type\":\"ListItem\",\"position\":2,\"name\":\"Widerrufsbelehrung\"}]},{\"@type\":\"WebSite\",\"@id\":\"https:\\\/\\\/kanzleikruse.com\\\/#website\",\"url\":\"https:\\\/\\\/kanzleikruse.com\\\/\",\"name\":\"Kanzlei Kruse\",\"description\":\"Wir helfen Ihnen pers\u00f6nlich, Ihr Recht durchzusetzen.\",\"potentialAction\":[{\"@type\":\"SearchAction\",\"target\":{\"@type\":\"EntryPoint\",\"urlTemplate\":\"https:\\\/\\\/kanzleikruse.com\\\/?s={search_term_string}\"},\"query-input\":{\"@type\":\"PropertyValueSpecification\",\"valueRequired\":true,\"valueName\":\"search_term_string\"}}],\"inLanguage\":\"en-US\"}]}<\/script>\n<!-- \/ Yoast SEO plugin. -->","yoast_head_json":{"title":"Cancellation policy - Kanzlei Kruse","robots":{"index":"noindex","follow":"follow"},"og_locale":"en_US","og_type":"article","og_title":"Widerrufsbelehrung - Kanzlei Kruse","og_description":"Widerrufsbelehrung gem\u00e4\u00df \u00a7\u00a0312g BGB, Art\u00a0246a EGBGB Belehrung \u00fcber das Widerrufsrecht Wenn Sie Verbraucher sind, haben das Recht, binnen vierzehn Tagen den abgeschlossenen Mandatsvertrag ohne Angabe von Gr\u00fcnden zu widerrufen. Die Widerrufsfrist betr\u00e4gt 14\u00a0Tage beginnend mit dem Tag des Vertragsschlusses bzw. dem Erhalt einer ordnungsgem\u00e4\u00dfen Widerrufsbelehrung. Das Widerrufsrecht wird durch Abgabe einer eindeutigen Erkl\u00e4rung (z. B. [&hellip;]","og_url":"https:\/\/kanzleikruse.com\/en\/widerrufsbelehrung\/","og_site_name":"Kanzlei Kruse","article_modified_time":"2021-01-20T13:01:07+00:00","twitter_card":"summary_large_image","twitter_misc":{"Est. reading time":"3 minutes"},"schema":{"@context":"https:\/\/schema.org","@graph":[{"@type":"WebPage","@id":"https:\/\/kanzleikruse.com\/widerrufsbelehrung\/","url":"https:\/\/kanzleikruse.com\/widerrufsbelehrung\/","name":"Cancellation policy - Kanzlei Kruse","isPartOf":{"@id":"https:\/\/kanzleikruse.com\/#website"},"datePublished":"2020-11-19T12:34:45+00:00","dateModified":"2021-01-20T13:01:07+00:00","breadcrumb":{"@id":"https:\/\/kanzleikruse.com\/widerrufsbelehrung\/#breadcrumb"},"inLanguage":"en-US","potentialAction":[{"@type":"ReadAction","target":["https:\/\/kanzleikruse.com\/widerrufsbelehrung\/"]}]},{"@type":"BreadcrumbList","@id":"https:\/\/kanzleikruse.com\/widerrufsbelehrung\/#breadcrumb","itemListElement":[{"@type":"ListItem","position":1,"name":"Startseite","item":"https:\/\/kanzleikruse.com\/"},{"@type":"ListItem","position":2,"name":"Widerrufsbelehrung"}]},{"@type":"WebSite","@id":"https:\/\/kanzleikruse.com\/#website","url":"https:\/\/kanzleikruse.com\/","name":"Kruse law firm","description":"We will help you personally to enforce your rights.","potentialAction":[{"@type":"SearchAction","target":{"@type":"EntryPoint","urlTemplate":"https:\/\/kanzleikruse.com\/?s={search_term_string}"},"query-input":{"@type":"PropertyValueSpecification","valueRequired":true,"valueName":"search_term_string"}}],"inLanguage":"en-US"}]}},"_links":{"self":[{"href":"https:\/\/kanzleikruse.com\/en\/wp-json\/wp\/v2\/pages\/809","targetHints":{"allow":["GET"]}}],"collection":[{"href":"https:\/\/kanzleikruse.com\/en\/wp-json\/wp\/v2\/pages"}],"about":[{"href":"https:\/\/kanzleikruse.com\/en\/wp-json\/wp\/v2\/types\/page"}],"author":[{"embeddable":true,"href":"https:\/\/kanzleikruse.com\/en\/wp-json\/wp\/v2\/users\/2"}],"replies":[{"embeddable":true,"href":"https:\/\/kanzleikruse.com\/en\/wp-json\/wp\/v2\/comments?post=809"}],"version-history":[{"count":0,"href":"https:\/\/kanzleikruse.com\/en\/wp-json\/wp\/v2\/pages\/809\/revisions"}],"wp:attachment":[{"href":"https:\/\/kanzleikruse.com\/en\/wp-json\/wp\/v2\/media?parent=809"}],"curies":[{"name":"wp","href":"https:\/\/api.w.org\/{rel}","templated":true}]}}