{"id":822,"date":"2020-11-19T13:38:25","date_gmt":"2020-11-19T12:38:25","guid":{"rendered":"https:\/\/kanzleikruse.com\/?page_id=822"},"modified":"2024-11-29T11:31:26","modified_gmt":"2024-11-29T10:31:26","slug":"schnelltest","status":"publish","type":"page","link":"https:\/\/kanzleikruse.com\/en\/schnelltest\/","title":{"rendered":"Raid test"},"content":{"rendered":"\t\t<div data-elementor-type=\"wp-page\" data-elementor-id=\"822\" class=\"elementor elementor-822\" data-elementor-post-type=\"page\">\n\t\t\t\t\t\t<section class=\"elementor-section elementor-top-section elementor-element elementor-element-676a48e elementor-hidden-tablet elementor-hidden-mobile elementor-section-boxed elementor-section-height-default elementor-section-height-default\" data-id=\"676a48e\" data-element_type=\"section\" data-e-type=\"section\" data-settings='{\"jet_parallax_layout_list\":[{\"jet_parallax_layout_image\":{\"url\":\"\",\"id\":\"\",\"size\":\"\"},\"_id\":\"15be635\",\"jet_parallax_layout_image_tablet\":{\"url\":\"\",\"id\":\"\",\"size\":\"\"},\"jet_parallax_layout_image_mobile\":{\"url\":\"\",\"id\":\"\",\"size\":\"\"},\"jet_parallax_layout_speed\":{\"unit\":\"%\",\"size\":50,\"sizes\":[]},\"jet_parallax_layout_type\":\"scroll\",\"jet_parallax_layout_direction\":\"1\",\"jet_parallax_layout_fx_direction\":null,\"jet_parallax_layout_z_index\":\"\",\"jet_parallax_layout_bg_x\":50,\"jet_parallax_layout_bg_x_tablet\":\"\",\"jet_parallax_layout_bg_x_mobile\":\"\",\"jet_parallax_layout_bg_y\":50,\"jet_parallax_layout_bg_y_tablet\":\"\",\"jet_parallax_layout_bg_y_mobile\":\"\",\"jet_parallax_layout_bg_size\":\"auto\",\"jet_parallax_layout_bg_size_tablet\":\"\",\"jet_parallax_layout_bg_size_mobile\":\"\",\"jet_parallax_layout_animation_prop\":\"transform\",\"jet_parallax_layout_on\":[\"desktop\",\"tablet\"]}]}'>\n\t\t\t\t\t\t<div class=\"elementor-container elementor-column-gap-default\">\n\t\t\t\t\t<div class=\"elementor-column elementor-col-100 elementor-top-column elementor-element elementor-element-d0e75f4\" data-id=\"d0e75f4\" data-element_type=\"column\" data-e-type=\"column\">\n\t\t\t<div class=\"elementor-widget-wrap elementor-element-populated\">\n\t\t\t\t\t\t<div class=\"elementor-element elementor-element-2a6f684c elementor-widget elementor-widget-heading\" data-id=\"2a6f684c\" data-element_type=\"widget\" data-e-type=\"widget\" data-widget_type=\"heading.default\">\n\t\t\t\t<div class=\"elementor-widget-container\">\n\t\t\t\t\t<span class=\"elementor-heading-title elementor-size-default\">Wobei k&ouml;nnen wir Ihnen helfen?<\/span>\t\t\t\t<\/div>\n\t\t\t\t<\/div>\n\t\t\t\t<section class=\"elementor-section elementor-inner-section elementor-element elementor-element-80336c8 elementor-section-boxed elementor-section-height-default elementor-section-height-default\" data-id=\"80336c8\" data-element_type=\"section\" data-e-type=\"section\" data-settings='{\"jet_parallax_layout_list\":[{\"jet_parallax_layout_image\":{\"url\":\"\",\"id\":\"\",\"size\":\"\"},\"_id\":\"028068a\",\"jet_parallax_layout_image_tablet\":{\"url\":\"\",\"id\":\"\",\"size\":\"\"},\"jet_parallax_layout_image_mobile\":{\"url\":\"\",\"id\":\"\",\"size\":\"\"},\"jet_parallax_layout_speed\":{\"unit\":\"%\",\"size\":50,\"sizes\":[]},\"jet_parallax_layout_type\":\"scroll\",\"jet_parallax_layout_direction\":\"1\",\"jet_parallax_layout_fx_direction\":null,\"jet_parallax_layout_z_index\":\"\",\"jet_parallax_layout_bg_x\":50,\"jet_parallax_layout_bg_x_tablet\":\"\",\"jet_parallax_layout_bg_x_mobile\":\"\",\"jet_parallax_layout_bg_y\":50,\"jet_parallax_layout_bg_y_tablet\":\"\",\"jet_parallax_layout_bg_y_mobile\":\"\",\"jet_parallax_layout_bg_size\":\"auto\",\"jet_parallax_layout_bg_size_tablet\":\"\",\"jet_parallax_layout_bg_size_mobile\":\"\",\"jet_parallax_layout_animation_prop\":\"transform\",\"jet_parallax_layout_on\":[\"desktop\",\"tablet\"]}]}'>\n\t\t\t\t\t\t<div class=\"elementor-container elementor-column-gap-default\">\n\t\t\t\t\t<div class=\"elementor-column elementor-col-50 elementor-inner-column elementor-element elementor-element-cbac949\" data-id=\"cbac949\" data-element_type=\"column\" data-e-type=\"column\">\n\t\t\t<div class=\"elementor-widget-wrap elementor-element-populated\">\n\t\t\t\t\t\t<div class=\"elementor-element elementor-element-b494ef4 elementor-align-justify elementor-widget elementor-widget-button\" data-id=\"b494ef4\" data-element_type=\"widget\" data-e-type=\"widget\" data-widget_type=\"button.default\">\n\t\t\t\t<div class=\"elementor-widget-container\">\n\t\t\t\t\t\t\t\t\t<div class=\"elementor-button-wrapper\">\n\t\t\t\t\t<a class=\"elementor-button elementor-button-link elementor-size-sm\" href=\"https:\/\/kanzleikruse.com\/ku-erhalten\/\">\n\t\t\t\t\t\t<span class=\"elementor-button-content-wrapper\">\n\t\t\t\t\t\t\t\t\t<span class=\"elementor-button-text\">Sie haben eine K&uuml;ndigung erhalten<\/span>\n\t\t\t\t\t<\/span>\n\t\t\t\t\t<\/a>\n\t\t\t\t<\/div>\n\t\t\t\t\t\t\t\t<\/div>\n\t\t\t\t<\/div>\n\t\t\t\t\t<\/div>\n\t\t<\/div>\n\t\t\t\t<div class=\"elementor-column elementor-col-50 elementor-inner-column elementor-element elementor-element-edbf0c4\" data-id=\"edbf0c4\" data-element_type=\"column\" data-e-type=\"column\">\n\t\t\t<div class=\"elementor-widget-wrap elementor-element-populated\">\n\t\t\t\t\t\t<div class=\"elementor-element elementor-element-ed61023 elementor-align-justify elementor-widget elementor-widget-button\" data-id=\"ed61023\" data-element_type=\"widget\" data-e-type=\"widget\" data-widget_type=\"button.default\">\n\t\t\t\t<div class=\"elementor-widget-container\">\n\t\t\t\t\t\t\t\t\t<div class=\"elementor-button-wrapper\">\n\t\t\t\t\t<a class=\"elementor-button elementor-button-link elementor-size-sm\" href=\"https:\/\/kanzleikruse.com\/ab-erhalten\/\">\n\t\t\t\t\t\t<span class=\"elementor-button-content-wrapper\">\n\t\t\t\t\t\t\t\t\t<span class=\"elementor-button-text\">Sie haben einen Aufhebungsvertrag erhalten<\/span>\n\t\t\t\t\t<\/span>\n\t\t\t\t\t<\/a>\n\t\t\t\t<\/div>\n\t\t\t\t\t\t\t\t<\/div>\n\t\t\t\t<\/div>\n\t\t\t\t\t<\/div>\n\t\t<\/div>\n\t\t\t\t\t<\/div>\n\t\t<\/section>\n\t\t\t\t<section class=\"elementor-section elementor-inner-section elementor-element elementor-element-bf24553 elementor-section-boxed elementor-section-height-default elementor-section-height-default\" data-id=\"bf24553\" data-element_type=\"section\" data-e-type=\"section\" data-settings='{\"jet_parallax_layout_list\":[{\"jet_parallax_layout_image\":{\"url\":\"\",\"id\":\"\",\"size\":\"\"},\"_id\":\"2a75f6f\",\"jet_parallax_layout_image_tablet\":{\"url\":\"\",\"id\":\"\",\"size\":\"\"},\"jet_parallax_layout_image_mobile\":{\"url\":\"\",\"id\":\"\",\"size\":\"\"},\"jet_parallax_layout_speed\":{\"unit\":\"%\",\"size\":50,\"sizes\":[]},\"jet_parallax_layout_type\":\"scroll\",\"jet_parallax_layout_direction\":\"1\",\"jet_parallax_layout_fx_direction\":null,\"jet_parallax_layout_z_index\":\"\",\"jet_parallax_layout_bg_x\":50,\"jet_parallax_layout_bg_x_tablet\":\"\",\"jet_parallax_layout_bg_x_mobile\":\"\",\"jet_parallax_layout_bg_y\":50,\"jet_parallax_layout_bg_y_tablet\":\"\",\"jet_parallax_layout_bg_y_mobile\":\"\",\"jet_parallax_layout_bg_size\":\"auto\",\"jet_parallax_layout_bg_size_tablet\":\"\",\"jet_parallax_layout_bg_size_mobile\":\"\",\"jet_parallax_layout_animation_prop\":\"transform\",\"jet_parallax_layout_on\":[\"desktop\",\"tablet\"]}]}'>\n\t\t\t\t\t\t<div class=\"elementor-container elementor-column-gap-default\">\n\t\t\t\t\t<div class=\"elementor-column elementor-col-50 elementor-inner-column elementor-element elementor-element-6852d7f\" data-id=\"6852d7f\" data-element_type=\"column\" data-e-type=\"column\">\n\t\t\t<div class=\"elementor-widget-wrap elementor-element-populated\">\n\t\t\t\t\t\t<div class=\"elementor-element elementor-element-73d58c7 elementor-align-justify elementor-widget elementor-widget-button\" data-id=\"73d58c7\" data-element_type=\"widget\" data-e-type=\"widget\" data-widget_type=\"button.default\">\n\t\t\t\t<div class=\"elementor-widget-container\">\n\t\t\t\t\t\t\t\t\t<div class=\"elementor-button-wrapper\">\n\t\t\t\t\t<a class=\"elementor-button elementor-button-link elementor-size-sm\" href=\"https:\/\/kanzleikruse.com\/kuav\/\">\n\t\t\t\t\t\t<span class=\"elementor-button-content-wrapper\">\n\t\t\t\t\t\t\t\t\t<span class=\"elementor-button-text\">Sie erwarten eine K&uuml;ndigung<\/span>\n\t\t\t\t\t<\/span>\n\t\t\t\t\t<\/a>\n\t\t\t\t<\/div>\n\t\t\t\t\t\t\t\t<\/div>\n\t\t\t\t<\/div>\n\t\t\t\t\t<\/div>\n\t\t<\/div>\n\t\t\t\t<div class=\"elementor-column elementor-col-50 elementor-inner-column elementor-element elementor-element-4cc4e21\" data-id=\"4cc4e21\" data-element_type=\"column\" data-e-type=\"column\">\n\t\t\t<div class=\"elementor-widget-wrap elementor-element-populated\">\n\t\t\t\t\t\t<div class=\"elementor-element elementor-element-3cfcc82 elementor-align-justify elementor-widget elementor-widget-button\" data-id=\"3cfcc82\" data-element_type=\"widget\" data-e-type=\"widget\" data-widget_type=\"button.default\">\n\t\t\t\t<div class=\"elementor-widget-container\">\n\t\t\t\t\t\t\t\t\t<div class=\"elementor-button-wrapper\">\n\t\t\t\t\t<a class=\"elementor-button elementor-button-link elementor-size-sm\" href=\"https:\/\/kanzleikruse.com\/kuav\/\">\n\t\t\t\t\t\t<span class=\"elementor-button-content-wrapper\">\n\t\t\t\t\t\t\t\t\t<span class=\"elementor-button-text\">Sie erwarten einen Aufhebungsvertrag<\/span>\n\t\t\t\t\t<\/span>\n\t\t\t\t\t<\/a>\n\t\t\t\t<\/div>\n\t\t\t\t\t\t\t\t<\/div>\n\t\t\t\t<\/div>\n\t\t\t\t\t<\/div>\n\t\t<\/div>\n\t\t\t\t\t<\/div>\n\t\t<\/section>\n\t\t\t\t\t<\/div>\n\t\t<\/div>\n\t\t\t\t\t<\/div>\n\t\t<\/section>\n\t\t\t\t<section class=\"elementor-section elementor-top-section elementor-element elementor-element-bd46a78 elementor-hidden-desktop elementor-section-boxed elementor-section-height-default elementor-section-height-default\" data-id=\"bd46a78\" data-element_type=\"section\" data-e-type=\"section\" data-settings='{\"jet_parallax_layout_list\":[{\"jet_parallax_layout_image\":{\"url\":\"\",\"id\":\"\",\"size\":\"\"},\"_id\":\"15be635\",\"jet_parallax_layout_image_tablet\":{\"url\":\"\",\"id\":\"\",\"size\":\"\"},\"jet_parallax_layout_image_mobile\":{\"url\":\"\",\"id\":\"\",\"size\":\"\"},\"jet_parallax_layout_speed\":{\"unit\":\"%\",\"size\":50,\"sizes\":[]},\"jet_parallax_layout_type\":\"scroll\",\"jet_parallax_layout_direction\":\"1\",\"jet_parallax_layout_fx_direction\":null,\"jet_parallax_layout_z_index\":\"\",\"jet_parallax_layout_bg_x\":50,\"jet_parallax_layout_bg_x_tablet\":\"\",\"jet_parallax_layout_bg_x_mobile\":\"\",\"jet_parallax_layout_bg_y\":50,\"jet_parallax_layout_bg_y_tablet\":\"\",\"jet_parallax_layout_bg_y_mobile\":\"\",\"jet_parallax_layout_bg_size\":\"auto\",\"jet_parallax_layout_bg_size_tablet\":\"\",\"jet_parallax_layout_bg_size_mobile\":\"\",\"jet_parallax_layout_animation_prop\":\"transform\",\"jet_parallax_layout_on\":[\"desktop\",\"tablet\"]}]}'>\n\t\t\t\t\t\t<div class=\"elementor-container elementor-column-gap-default\">\n\t\t\t\t\t<div class=\"elementor-column elementor-col-100 elementor-top-column elementor-element elementor-element-9b2e5e1\" data-id=\"9b2e5e1\" data-element_type=\"column\" data-e-type=\"column\">\n\t\t\t<div class=\"elementor-widget-wrap elementor-element-populated\">\n\t\t\t\t\t\t<div class=\"elementor-element elementor-element-9b086f7 elementor-widget elementor-widget-heading\" data-id=\"9b086f7\" data-element_type=\"widget\" data-e-type=\"widget\" data-widget_type=\"heading.default\">\n\t\t\t\t<div class=\"elementor-widget-container\">\n\t\t\t\t\t<span class=\"elementor-heading-title elementor-size-default\">Wobei k&ouml;nnen wir Ihnen helfen?<\/span>\t\t\t\t<\/div>\n\t\t\t\t<\/div>\n\t\t\t\t<section class=\"elementor-section elementor-inner-section elementor-element elementor-element-052eee0 elementor-section-boxed elementor-section-height-default elementor-section-height-default\" data-id=\"052eee0\" data-element_type=\"section\" data-e-type=\"section\" data-settings='{\"jet_parallax_layout_list\":[{\"jet_parallax_layout_image\":{\"url\":\"\",\"id\":\"\",\"size\":\"\"},\"_id\":\"028068a\",\"jet_parallax_layout_image_tablet\":{\"url\":\"\",\"id\":\"\",\"size\":\"\"},\"jet_parallax_layout_image_mobile\":{\"url\":\"\",\"id\":\"\",\"size\":\"\"},\"jet_parallax_layout_speed\":{\"unit\":\"%\",\"size\":50,\"sizes\":[]},\"jet_parallax_layout_type\":\"scroll\",\"jet_parallax_layout_direction\":\"1\",\"jet_parallax_layout_fx_direction\":null,\"jet_parallax_layout_z_index\":\"\",\"jet_parallax_layout_bg_x\":50,\"jet_parallax_layout_bg_x_tablet\":\"\",\"jet_parallax_layout_bg_x_mobile\":\"\",\"jet_parallax_layout_bg_y\":50,\"jet_parallax_layout_bg_y_tablet\":\"\",\"jet_parallax_layout_bg_y_mobile\":\"\",\"jet_parallax_layout_bg_size\":\"auto\",\"jet_parallax_layout_bg_size_tablet\":\"\",\"jet_parallax_layout_bg_size_mobile\":\"\",\"jet_parallax_layout_animation_prop\":\"transform\",\"jet_parallax_layout_on\":[\"desktop\",\"tablet\"]}]}'>\n\t\t\t\t\t\t<div class=\"elementor-container elementor-column-gap-default\">\n\t\t\t\t\t<div class=\"elementor-column elementor-col-50 elementor-inner-column elementor-element elementor-element-44dbd1b\" data-id=\"44dbd1b\" data-element_type=\"column\" data-e-type=\"column\">\n\t\t\t<div class=\"elementor-widget-wrap elementor-element-populated\">\n\t\t\t\t\t\t<div class=\"elementor-element elementor-element-395b70f elementor-align-justify elementor-widget elementor-widget-button\" data-id=\"395b70f\" data-element_type=\"widget\" data-e-type=\"widget\" data-widget_type=\"button.default\">\n\t\t\t\t<div class=\"elementor-widget-container\">\n\t\t\t\t\t\t\t\t\t<div class=\"elementor-button-wrapper\">\n\t\t\t\t\t<a class=\"elementor-button elementor-button-link elementor-size-sm\" href=\"https:\/\/kanzleikruse.com\/ku-erhalten\/\">\n\t\t\t\t\t\t<span class=\"elementor-button-content-wrapper\">\n\t\t\t\t\t\t\t\t\t<span class=\"elementor-button-text\">Sie haben eine K&uuml;ndigung erhalten<\/span>\n\t\t\t\t\t<\/span>\n\t\t\t\t\t<\/a>\n\t\t\t\t<\/div>\n\t\t\t\t\t\t\t\t<\/div>\n\t\t\t\t<\/div>\n\t\t\t\t\t<\/div>\n\t\t<\/div>\n\t\t\t\t<div class=\"elementor-column elementor-col-50 elementor-inner-column elementor-element elementor-element-d931a34\" data-id=\"d931a34\" data-element_type=\"column\" data-e-type=\"column\">\n\t\t\t<div class=\"elementor-widget-wrap elementor-element-populated\">\n\t\t\t\t\t\t<div class=\"elementor-element elementor-element-de66aa7 elementor-align-justify elementor-widget elementor-widget-button\" data-id=\"de66aa7\" data-element_type=\"widget\" data-e-type=\"widget\" data-widget_type=\"button.default\">\n\t\t\t\t<div class=\"elementor-widget-container\">\n\t\t\t\t\t\t\t\t\t<div class=\"elementor-button-wrapper\">\n\t\t\t\t\t<a class=\"elementor-button elementor-button-link elementor-size-sm\" href=\"https:\/\/kanzleikruse.com\/ab-erhalten\/\">\n\t\t\t\t\t\t<span class=\"elementor-button-content-wrapper\">\n\t\t\t\t\t\t\t\t\t<span class=\"elementor-button-text\">Sie haben einen Aufhebungsvertrag erhalten<\/span>\n\t\t\t\t\t<\/span>\n\t\t\t\t\t<\/a>\n\t\t\t\t<\/div>\n\t\t\t\t\t\t\t\t<\/div>\n\t\t\t\t<\/div>\n\t\t\t\t\t<\/div>\n\t\t<\/div>\n\t\t\t\t\t<\/div>\n\t\t<\/section>\n\t\t\t\t<section class=\"elementor-section elementor-inner-section elementor-element elementor-element-5a8400b elementor-section-boxed elementor-section-height-default elementor-section-height-default\" data-id=\"5a8400b\" data-element_type=\"section\" data-e-type=\"section\" data-settings='{\"jet_parallax_layout_list\":[{\"jet_parallax_layout_image\":{\"url\":\"\",\"id\":\"\",\"size\":\"\"},\"_id\":\"2a75f6f\",\"jet_parallax_layout_image_tablet\":{\"url\":\"\",\"id\":\"\",\"size\":\"\"},\"jet_parallax_layout_image_mobile\":{\"url\":\"\",\"id\":\"\",\"size\":\"\"},\"jet_parallax_layout_speed\":{\"unit\":\"%\",\"size\":50,\"sizes\":[]},\"jet_parallax_layout_type\":\"scroll\",\"jet_parallax_layout_direction\":\"1\",\"jet_parallax_layout_fx_direction\":null,\"jet_parallax_layout_z_index\":\"\",\"jet_parallax_layout_bg_x\":50,\"jet_parallax_layout_bg_x_tablet\":\"\",\"jet_parallax_layout_bg_x_mobile\":\"\",\"jet_parallax_layout_bg_y\":50,\"jet_parallax_layout_bg_y_tablet\":\"\",\"jet_parallax_layout_bg_y_mobile\":\"\",\"jet_parallax_layout_bg_size\":\"auto\",\"jet_parallax_layout_bg_size_tablet\":\"\",\"jet_parallax_layout_bg_size_mobile\":\"\",\"jet_parallax_layout_animation_prop\":\"transform\",\"jet_parallax_layout_on\":[\"desktop\",\"tablet\"]}]}'>\n\t\t\t\t\t\t<div class=\"elementor-container elementor-column-gap-default\">\n\t\t\t\t\t<div class=\"elementor-column elementor-col-50 elementor-inner-column elementor-element elementor-element-38fa037\" data-id=\"38fa037\" data-element_type=\"column\" data-e-type=\"column\">\n\t\t\t<div class=\"elementor-widget-wrap elementor-element-populated\">\n\t\t\t\t\t\t<div class=\"elementor-element elementor-element-9fef6ff elementor-align-justify elementor-widget elementor-widget-button\" data-id=\"9fef6ff\" data-element_type=\"widget\" data-e-type=\"widget\" data-widget_type=\"button.default\">\n\t\t\t\t<div class=\"elementor-widget-container\">\n\t\t\t\t\t\t\t\t\t<div class=\"elementor-button-wrapper\">\n\t\t\t\t\t<a class=\"elementor-button elementor-button-link elementor-size-sm\" href=\"https:\/\/kanzleikruse.com\/kuav\/\">\n\t\t\t\t\t\t<span class=\"elementor-button-content-wrapper\">\n\t\t\t\t\t\t\t\t\t<span class=\"elementor-button-text\">Sie erwarten eine K&uuml;ndigung<\/span>\n\t\t\t\t\t<\/span>\n\t\t\t\t\t<\/a>\n\t\t\t\t<\/div>\n\t\t\t\t\t\t\t\t<\/div>\n\t\t\t\t<\/div>\n\t\t\t\t\t<\/div>\n\t\t<\/div>\n\t\t\t\t<div class=\"elementor-column elementor-col-50 elementor-inner-column elementor-element elementor-element-699caf9\" data-id=\"699caf9\" data-element_type=\"column\" data-e-type=\"column\">\n\t\t\t<div class=\"elementor-widget-wrap elementor-element-populated\">\n\t\t\t\t\t\t<div class=\"elementor-element elementor-element-c17e326 elementor-align-justify elementor-widget elementor-widget-button\" data-id=\"c17e326\" data-element_type=\"widget\" data-e-type=\"widget\" data-widget_type=\"button.default\">\n\t\t\t\t<div class=\"elementor-widget-container\">\n\t\t\t\t\t\t\t\t\t<div class=\"elementor-button-wrapper\">\n\t\t\t\t\t<a class=\"elementor-button elementor-button-link elementor-size-sm\" href=\"https:\/\/kanzleikruse.com\/kuav\/\">\n\t\t\t\t\t\t<span class=\"elementor-button-content-wrapper\">\n\t\t\t\t\t\t\t\t\t<span class=\"elementor-button-text\">Sie erwarten einen Aufhebungsvertrag<\/span>\n\t\t\t\t\t<\/span>\n\t\t\t\t\t<\/a>\n\t\t\t\t<\/div>\n\t\t\t\t\t\t\t\t<\/div>\n\t\t\t\t<\/div>\n\t\t\t\t\t<\/div>\n\t\t<\/div>\n\t\t\t\t\t<\/div>\n\t\t<\/section>\n\t\t\t\t\t<\/div>\n\t\t<\/div>\n\t\t\t\t\t<\/div>\n\t\t<\/section>\n\t\t\t\t<\/div>\n\t\t","protected":false},"excerpt":{"rendered":"<p>Wobei k\u00f6nnen wir Ihnen helfen? Sie haben eine K\u00fcndigung erhalten Sie haben einen Aufhebungsvertrag erhalten Sie erwarten eine K\u00fcndigung Sie erwarten einen Aufhebungsvertrag Wobei k\u00f6nnen wir Ihnen helfen? Sie haben eine K\u00fcndigung erhalten Sie haben einen Aufhebungsvertrag erhalten Sie erwarten eine K\u00fcndigung Sie erwarten einen Aufhebungsvertrag<\/p>","protected":false},"author":2,"featured_media":0,"parent":0,"menu_order":0,"comment_status":"closed","ping_status":"closed","template":"full-width.php","meta":{"_acf_changed":false,"footnotes":""},"class_list":["post-822","page","type-page","status-publish","hentry"],"acf":[],"yoast_head":"<!-- This site is optimized with the Yoast SEO plugin v27.5 - https:\/\/yoast.com\/product\/yoast-seo-wordpress\/ -->\n<title>Schnelltest - Kanzlei Kruse<\/title>\n<meta name=\"description\" content=\"Wobei k\u00f6nnen wir Ihnen helfen?\" \/>\n<meta name=\"robots\" content=\"index, follow, max-snippet:-1, max-image-preview:large, max-video-preview:-1\" \/>\n<link rel=\"canonical\" href=\"https:\/\/kanzleikruse.com\/en\/schnelltest\/\" \/>\n<meta property=\"og:locale\" content=\"en_US\" \/>\n<meta property=\"og:type\" content=\"article\" \/>\n<meta property=\"og:title\" content=\"Schnelltest - Kanzlei Kruse\" \/>\n<meta property=\"og:description\" content=\"Wobei k\u00f6nnen wir Ihnen helfen?\" \/>\n<meta property=\"og:url\" content=\"https:\/\/kanzleikruse.com\/en\/schnelltest\/\" \/>\n<meta property=\"og:site_name\" content=\"Kanzlei Kruse\" \/>\n<meta property=\"article:modified_time\" content=\"2024-11-29T10:31:26+00:00\" \/>\n<meta name=\"twitter:card\" content=\"summary_large_image\" \/>\n<meta name=\"twitter:label1\" content=\"Est. reading time\" \/>\n\t<meta name=\"twitter:data1\" content=\"1 minute\" \/>\n<script type=\"application\/ld+json\" class=\"yoast-schema-graph\">{\"@context\":\"https:\\\/\\\/schema.org\",\"@graph\":[{\"@type\":\"WebPage\",\"@id\":\"https:\\\/\\\/kanzleikruse.com\\\/schnelltest\\\/\",\"url\":\"https:\\\/\\\/kanzleikruse.com\\\/schnelltest\\\/\",\"name\":\"Schnelltest - Kanzlei Kruse\",\"isPartOf\":{\"@id\":\"https:\\\/\\\/kanzleikruse.com\\\/#website\"},\"datePublished\":\"2020-11-19T12:38:25+00:00\",\"dateModified\":\"2024-11-29T10:31:26+00:00\",\"description\":\"Wobei k\u00f6nnen wir Ihnen helfen?\",\"breadcrumb\":{\"@id\":\"https:\\\/\\\/kanzleikruse.com\\\/schnelltest\\\/#breadcrumb\"},\"inLanguage\":\"en-US\",\"potentialAction\":[{\"@type\":\"ReadAction\",\"target\":[\"https:\\\/\\\/kanzleikruse.com\\\/schnelltest\\\/\"]}]},{\"@type\":\"BreadcrumbList\",\"@id\":\"https:\\\/\\\/kanzleikruse.com\\\/schnelltest\\\/#breadcrumb\",\"itemListElement\":[{\"@type\":\"ListItem\",\"position\":1,\"name\":\"Startseite\",\"item\":\"https:\\\/\\\/kanzleikruse.com\\\/\"},{\"@type\":\"ListItem\",\"position\":2,\"name\":\"Schnelltest\"}]},{\"@type\":\"WebSite\",\"@id\":\"https:\\\/\\\/kanzleikruse.com\\\/#website\",\"url\":\"https:\\\/\\\/kanzleikruse.com\\\/\",\"name\":\"Kanzlei Kruse\",\"description\":\"Wir helfen Ihnen pers\u00f6nlich, Ihr Recht durchzusetzen.\",\"potentialAction\":[{\"@type\":\"SearchAction\",\"target\":{\"@type\":\"EntryPoint\",\"urlTemplate\":\"https:\\\/\\\/kanzleikruse.com\\\/?s={search_term_string}\"},\"query-input\":{\"@type\":\"PropertyValueSpecification\",\"valueRequired\":true,\"valueName\":\"search_term_string\"}}],\"inLanguage\":\"en-US\"}]}<\/script>\n<!-- \/ Yoast SEO plugin. -->","yoast_head_json":{"title":"Rapid test - Kruse law firm","description":"What can we help you with?","robots":{"index":"index","follow":"follow","max-snippet":"max-snippet:-1","max-image-preview":"max-image-preview:large","max-video-preview":"max-video-preview:-1"},"canonical":"https:\/\/kanzleikruse.com\/en\/schnelltest\/","og_locale":"en_US","og_type":"article","og_title":"Schnelltest - Kanzlei Kruse","og_description":"Wobei k\u00f6nnen wir Ihnen helfen?","og_url":"https:\/\/kanzleikruse.com\/en\/schnelltest\/","og_site_name":"Kanzlei Kruse","article_modified_time":"2024-11-29T10:31:26+00:00","twitter_card":"summary_large_image","twitter_misc":{"Est. reading time":"1 minute"},"schema":{"@context":"https:\/\/schema.org","@graph":[{"@type":"WebPage","@id":"https:\/\/kanzleikruse.com\/schnelltest\/","url":"https:\/\/kanzleikruse.com\/schnelltest\/","name":"Rapid test - Kruse law firm","isPartOf":{"@id":"https:\/\/kanzleikruse.com\/#website"},"datePublished":"2020-11-19T12:38:25+00:00","dateModified":"2024-11-29T10:31:26+00:00","description":"What can we help you with?","breadcrumb":{"@id":"https:\/\/kanzleikruse.com\/schnelltest\/#breadcrumb"},"inLanguage":"en-US","potentialAction":[{"@type":"ReadAction","target":["https:\/\/kanzleikruse.com\/schnelltest\/"]}]},{"@type":"BreadcrumbList","@id":"https:\/\/kanzleikruse.com\/schnelltest\/#breadcrumb","itemListElement":[{"@type":"ListItem","position":1,"name":"Startseite","item":"https:\/\/kanzleikruse.com\/"},{"@type":"ListItem","position":2,"name":"Schnelltest"}]},{"@type":"WebSite","@id":"https:\/\/kanzleikruse.com\/#website","url":"https:\/\/kanzleikruse.com\/","name":"Kruse law firm","description":"We will help you personally to enforce your rights.","potentialAction":[{"@type":"SearchAction","target":{"@type":"EntryPoint","urlTemplate":"https:\/\/kanzleikruse.com\/?s={search_term_string}"},"query-input":{"@type":"PropertyValueSpecification","valueRequired":true,"valueName":"search_term_string"}}],"inLanguage":"en-US"}]}},"_links":{"self":[{"href":"https:\/\/kanzleikruse.com\/en\/wp-json\/wp\/v2\/pages\/822","targetHints":{"allow":["GET"]}}],"collection":[{"href":"https:\/\/kanzleikruse.com\/en\/wp-json\/wp\/v2\/pages"}],"about":[{"href":"https:\/\/kanzleikruse.com\/en\/wp-json\/wp\/v2\/types\/page"}],"author":[{"embeddable":true,"href":"https:\/\/kanzleikruse.com\/en\/wp-json\/wp\/v2\/users\/2"}],"replies":[{"embeddable":true,"href":"https:\/\/kanzleikruse.com\/en\/wp-json\/wp\/v2\/comments?post=822"}],"version-history":[{"count":0,"href":"https:\/\/kanzleikruse.com\/en\/wp-json\/wp\/v2\/pages\/822\/revisions"}],"wp:attachment":[{"href":"https:\/\/kanzleikruse.com\/en\/wp-json\/wp\/v2\/media?parent=822"}],"curies":[{"name":"wp","href":"https:\/\/api.w.org\/{rel}","templated":true}]}}