{"id":85,"date":"2020-05-09T07:49:00","date_gmt":"2020-05-09T07:49:00","guid":{"rendered":"https:\/\/jupiterx.artbees.net\/health-coach\/?page_id=85"},"modified":"2025-07-07T10:05:53","modified_gmt":"2025-07-07T08:05:53","slug":"leistungen-und-kosten","status":"publish","type":"page","link":"https:\/\/kanzleikruse.com\/en\/leistungen-und-kosten\/","title":{"rendered":"Services and costs"},"content":{"rendered":"\t\t<div data-elementor-type=\"wp-page\" data-elementor-id=\"85\" class=\"elementor elementor-85\" data-elementor-post-type=\"page\">\n\t\t\t\t\t\t<section class=\"elementor-section elementor-top-section elementor-element elementor-element-24503ce elementor-hidden-phone elementor-section-boxed elementor-section-height-default elementor-section-height-default\" data-id=\"24503ce\" data-element_type=\"section\" data-e-type=\"section\" data-settings='{\"jet_parallax_layout_list\":[{\"jet_parallax_layout_image\":{\"url\":\"\",\"id\":\"\",\"size\":\"\"},\"_id\":\"86fa454\",\"jet_parallax_layout_image_tablet\":{\"url\":\"\",\"id\":\"\",\"size\":\"\"},\"jet_parallax_layout_image_mobile\":{\"url\":\"\",\"id\":\"\",\"size\":\"\"},\"jet_parallax_layout_speed\":{\"unit\":\"%\",\"size\":50,\"sizes\":[]},\"jet_parallax_layout_type\":\"scroll\",\"jet_parallax_layout_direction\":\"1\",\"jet_parallax_layout_fx_direction\":null,\"jet_parallax_layout_z_index\":\"\",\"jet_parallax_layout_bg_x\":50,\"jet_parallax_layout_bg_x_tablet\":\"\",\"jet_parallax_layout_bg_x_mobile\":\"\",\"jet_parallax_layout_bg_y\":50,\"jet_parallax_layout_bg_y_tablet\":\"\",\"jet_parallax_layout_bg_y_mobile\":\"\",\"jet_parallax_layout_bg_size\":\"auto\",\"jet_parallax_layout_bg_size_tablet\":\"\",\"jet_parallax_layout_bg_size_mobile\":\"\",\"jet_parallax_layout_animation_prop\":\"transform\",\"jet_parallax_layout_on\":[\"desktop\",\"tablet\"]}]}'>\n\t\t\t\t\t\t<div class=\"elementor-container elementor-column-gap-no\">\n\t\t\t\t\t<div class=\"elementor-column elementor-col-100 elementor-top-column elementor-element elementor-element-e71df48\" data-id=\"e71df48\" data-element_type=\"column\" data-e-type=\"column\">\n\t\t\t<div class=\"elementor-widget-wrap elementor-element-populated\">\n\t\t\t\t\t\t<div class=\"elementor-element elementor-element-224d19c elementor-widget elementor-widget-heading\" data-id=\"224d19c\" data-element_type=\"widget\" data-e-type=\"widget\" data-widget_type=\"heading.default\">\n\t\t\t\t<div class=\"elementor-widget-container\">\n\t\t\t\t\t<span class=\"elementor-heading-title elementor-size-default\">Leistungen und <a href=\"https:\/\/kanzleikruse.com\/en\/encyclopedia\/kosten\/\" target=\"_self\" title=\"In einem K&uuml;ndigungsschutzverfahren tr&auml;gt in der ersten Instanz vor dem Arbeitsgericht jede Partei seine Anwaltskosten selbst. D.h. egal ob Sie unterliegen oder gewinnen, m&uuml;ssen Sie Ihren eigenen Anwalt bezahlen. Die H&ouml;he der Verg&uuml;tung ergibt sich entweder aus einer Verg&uuml;tungsvereinbarung oder aus dem Rechtsanwaltsverg&uuml;tungsgesetz (RVG). In gerichtlichen Verfahren d&uuml;rfen die...\" class=\"encyclopedia\">Kosten<\/a><\/span>\t\t\t\t<\/div>\n\t\t\t\t<\/div>\n\t\t\t\t<div class=\"elementor-element elementor-element-a5264d5 elementor-widget elementor-widget-text-editor\" data-id=\"a5264d5\" data-element_type=\"widget\" data-e-type=\"widget\" data-widget_type=\"text-editor.default\">\n\t\t\t\t<div class=\"elementor-widget-container\">\n\t\t\t\t\t\t\t\t\t<h2 data-start=\"181\" data-end=\"254\">K&uuml;ndigungsschutz: Pers&ouml;nliche Beratung vom Fachanwalt f&uuml;r Arbeitsrecht<\/h2><p data-start=\"256\" data-end=\"544\">Ich biete Ihnen eine umfassende und pers&ouml;nliche Beratung im Arbeitsrecht, insbesondere im Bereich <a href=\"https:\/\/kanzleikruse.com\/en\/encyclopedia\/kuendigung\/\" target=\"_self\" title=\"Eine K&uuml;ndigung ist eine einseitig empfangsbed&uuml;rftige Willenserkl&auml;rung. Das bedeutet, dass vom K&uuml;ndigenden der unmissverst&auml;ndliche Wille zum Ausdruck gebracht werden muss, dass er das Vertragsverh&auml;ltnis beenden will und Ihnen die Erkl&auml;rung zugeht. Sie kann von ihrem Arbeitgeber oder von Ihnen selbst ausgesprochen werden...\" class=\"encyclopedia\">K&uuml;ndigung<\/a>sschutz. Ob im Vorfeld einer <a href=\"https:\/\/kanzleikruse.com\/en\/encyclopedia\/kuendigung\/\" target=\"_self\" title=\"Eine K&uuml;ndigung ist eine einseitig empfangsbed&uuml;rftige Willenserkl&auml;rung. Das bedeutet, dass vom K&uuml;ndigenden der unmissverst&auml;ndliche Wille zum Ausdruck gebracht werden muss, dass er das Vertragsverh&auml;ltnis beenden will und Ihnen die Erkl&auml;rung zugeht. Sie kann von ihrem Arbeitgeber oder von Ihnen selbst ausgesprochen werden...\" class=\"encyclopedia\">K&uuml;ndigung<\/a> oder nach Ausspruch einer <a href=\"https:\/\/kanzleikruse.com\/en\/encyclopedia\/kuendigung\/\" target=\"_self\" title=\"Eine K&uuml;ndigung ist eine einseitig empfangsbed&uuml;rftige Willenserkl&auml;rung. Das bedeutet, dass vom K&uuml;ndigenden der unmissverst&auml;ndliche Wille zum Ausdruck gebracht werden muss, dass er das Vertragsverh&auml;ltnis beenden will und Ihnen die Erkl&auml;rung zugeht. Sie kann von ihrem Arbeitgeber oder von Ihnen selbst ausgesprochen werden...\" class=\"encyclopedia\">K&uuml;ndigung<\/a> &ndash; ich unterst&uuml;tze Sie mit taktischen Hinweisen und einer ehrlichen Einsch&auml;tzung Ihrer Erfolgsaussichten.<\/p><h3 data-start=\"546\" data-end=\"583\">Erstberatung zum K&uuml;ndigungsschutz<\/h3><p data-start=\"585\" data-end=\"868\">Ein Erstberatungsgespr&auml;ch kann oft entscheidend sein. Es dauert je nach Fall zwischen 45 und 60 Minuten. Die <a href=\"https:\/\/kanzleikruse.com\/en\/encyclopedia\/kosten\/\" target=\"_self\" title=\"In einem K&uuml;ndigungsschutzverfahren tr&auml;gt in der ersten Instanz vor dem Arbeitsgericht jede Partei seine Anwaltskosten selbst. D.h. egal ob Sie unterliegen oder gewinnen, m&uuml;ssen Sie Ihren eigenen Anwalt bezahlen. Die H&ouml;he der Verg&uuml;tung ergibt sich entweder aus einer Verg&uuml;tungsvereinbarung oder aus dem Rechtsanwaltsverg&uuml;tungsgesetz (RVG). In gerichtlichen Verfahren d&uuml;rfen die...\" class=\"encyclopedia\">Kosten<\/a> betragen <strong>190,00&#8239;&euro;<\/strong> zuz&uuml;glich Mehrwertsteuer. Sollte es danach zu einer gerichtlichen Auseinandersetzung kommen, wird diese Geb&uuml;hr auf die weiteren <a href=\"https:\/\/kanzleikruse.com\/en\/encyclopedia\/kosten\/\" target=\"_self\" title=\"In einem K&uuml;ndigungsschutzverfahren tr&auml;gt in der ersten Instanz vor dem Arbeitsgericht jede Partei seine Anwaltskosten selbst. D.h. egal ob Sie unterliegen oder gewinnen, m&uuml;ssen Sie Ihren eigenen Anwalt bezahlen. Die H&ouml;he der Verg&uuml;tung ergibt sich entweder aus einer Verg&uuml;tungsvereinbarung oder aus dem Rechtsanwaltsverg&uuml;tungsgesetz (RVG). In gerichtlichen Verfahren d&uuml;rfen die...\" class=\"encyclopedia\">Kosten<\/a> angerechnet.<\/p><p data-start=\"870\" data-end=\"1084\">Ich &uuml;bernehme nur Mandate mit realistischen Erfolgsaussichten. Wenn ich in Ihrem Fall keine Erfolgschancen sehe, teile ich Ihnen das offen und ehrlich mit. So behalten Sie Ihr <a href=\"https:\/\/kanzleikruse.com\/en\/encyclopedia\/kosten\/\" target=\"_self\" title=\"In einem K&uuml;ndigungsschutzverfahren tr&auml;gt in der ersten Instanz vor dem Arbeitsgericht jede Partei seine Anwaltskosten selbst. D.h. egal ob Sie unterliegen oder gewinnen, m&uuml;ssen Sie Ihren eigenen Anwalt bezahlen. Die H&ouml;he der Verg&uuml;tung ergibt sich entweder aus einer Verg&uuml;tungsvereinbarung oder aus dem Rechtsanwaltsverg&uuml;tungsgesetz (RVG). In gerichtlichen Verfahren d&uuml;rfen die...\" class=\"encyclopedia\">Kosten<\/a>risiko von Anfang an im Blick.<\/p><h3 data-start=\"1086\" data-end=\"1124\">Kosten im Arbeitsgerichtsverfahren<\/h3><p data-start=\"1126\" data-end=\"1273\">In der ersten Instanz vor dem Arbeitsgericht tragen beide Parteien ihre eigenen Anwalts<a href=\"https:\/\/kanzleikruse.com\/en\/encyclopedia\/kosten\/\" target=\"_self\" title=\"In einem K&uuml;ndigungsschutzverfahren tr&auml;gt in der ersten Instanz vor dem Arbeitsgericht jede Partei seine Anwaltskosten selbst. D.h. egal ob Sie unterliegen oder gewinnen, m&uuml;ssen Sie Ihren eigenen Anwalt bezahlen. Die H&ouml;he der Verg&uuml;tung ergibt sich entweder aus einer Verg&uuml;tungsvereinbarung oder aus dem Rechtsanwaltsverg&uuml;tungsgesetz (RVG). In gerichtlichen Verfahren d&uuml;rfen die...\" class=\"encyclopedia\">kosten<\/a>, auch wenn Sie den Prozess verlieren. Ein Beispiel:<\/p><ul data-start=\"1274\" data-end=\"1421\"><li data-start=\"1274\" data-end=\"1309\"><p data-start=\"1276\" data-end=\"1309\">Bruttogehalt: 3.000&#8239;&euro; pro Monat<\/p><\/li><li data-start=\"1310\" data-end=\"1385\"><p data-start=\"1312\" data-end=\"1385\">Anwalts<a href=\"https:\/\/kanzleikruse.com\/en\/encyclopedia\/kosten\/\" target=\"_self\" title=\"In einem K&uuml;ndigungsschutzverfahren tr&auml;gt in der ersten Instanz vor dem Arbeitsgericht jede Partei seine Anwaltskosten selbst. D.h. egal ob Sie unterliegen oder gewinnen, m&uuml;ssen Sie Ihren eigenen Anwalt bezahlen. Die H&ouml;he der Verg&uuml;tung ergibt sich entweder aus einer Verg&uuml;tungsvereinbarung oder aus dem Rechtsanwaltsverg&uuml;tungsgesetz (RVG). In gerichtlichen Verfahren d&uuml;rfen die...\" class=\"encyclopedia\">kosten<\/a>: circa 1.786,49&#8239;&euro; bis 2.491,56&#8239;&euro; inklusive Mehrwertsteuer<\/p><\/li><li data-start=\"1386\" data-end=\"1421\"><p data-start=\"1388\" data-end=\"1421\">Gerichts<a href=\"https:\/\/kanzleikruse.com\/en\/encyclopedia\/kosten\/\" target=\"_self\" title=\"In einem K&uuml;ndigungsschutzverfahren tr&auml;gt in der ersten Instanz vor dem Arbeitsgericht jede Partei seine Anwaltskosten selbst. D.h. egal ob Sie unterliegen oder gewinnen, m&uuml;ssen Sie Ihren eigenen Anwalt bezahlen. Die H&ouml;he der Verg&uuml;tung ergibt sich entweder aus einer Verg&uuml;tungsvereinbarung oder aus dem Rechtsanwaltsverg&uuml;tungsgesetz (RVG). In gerichtlichen Verfahren d&uuml;rfen die...\" class=\"encyclopedia\">kosten<\/a>: bis zu 781,50&#8239;&euro;<\/p><\/li><\/ul><h3 data-start=\"1423\" data-end=\"1474\">Rechtsschutzversicherung und Prozesskostenhilfe<\/h3><p data-start=\"1476\" data-end=\"1744\">Wenn Sie eine <a href=\"https:\/\/kanzleikruse.com\/en\/encyclopedia\/rechtsschutzversicherung\/\" target=\"_self\" title=\"ine Rechtsschutzversicherung tr&auml;gt je nach Versicherungsvertrag die Kosten Ihres Rechtsanwalts und die Gerichtskosten. H&auml;ufig werden auch die Kosten des gegnerischen Anwalts &uuml;bernommen, wenn Sie im Prozess unterliegen sollten. Sie m&uuml;ssen allerdings beachten, dass Rechtsschutzversicherungen immer eine Wartezeit vorsehen, bevor sie leisten. Sie k&ouml;nnen daher f&uuml;r einen...\" class=\"encyclopedia\">Rechtsschutzversicherung<\/a> f&uuml;r den Bereich Arbeitsrecht haben, m&uuml;ssen Sie in der Regel nur den vereinbarten Selbstbehalt zahlen. Auf Wunsch &uuml;bernehme ich die komplette Kommunikation mit Ihrer Versicherung, sodass Sie sich um nichts weiter k&uuml;mmern m&uuml;ssen.<\/p><p data-start=\"1746\" data-end=\"1997\">Sollten Sie nicht &uuml;ber die finanziellen Mittel verf&uuml;gen, um die Anwalts- und Gerichts<a href=\"https:\/\/kanzleikruse.com\/en\/encyclopedia\/kosten\/\" target=\"_self\" title=\"In einem K&uuml;ndigungsschutzverfahren tr&auml;gt in der ersten Instanz vor dem Arbeitsgericht jede Partei seine Anwaltskosten selbst. D.h. egal ob Sie unterliegen oder gewinnen, m&uuml;ssen Sie Ihren eigenen Anwalt bezahlen. Die H&ouml;he der Verg&uuml;tung ergibt sich entweder aus einer Verg&uuml;tungsvereinbarung oder aus dem Rechtsanwaltsverg&uuml;tungsgesetz (RVG). In gerichtlichen Verfahren d&uuml;rfen die...\" class=\"encyclopedia\">kosten<\/a> zu tragen, kann <a href=\"https:\/\/kanzleikruse.com\/en\/encyclopedia\/prozesskostenhilfe\/\" target=\"_self\" title=\"Sollten Sie nach ihren pers&ouml;nlichen und wirtschaftlichen Verh&auml;ltnissen die Kosten der Prozessf&uuml;hrung nicht, nur zum Teil oder nur in Raten aufbringen k&ouml;nnen, erhalten Sie auf Antrag Prozesskostenhilfe. Daf&uuml;r muss die beabsichtigte Rechtsverfolgung oder Rechtsverteidigung aber hinreichende Aussicht auf Erfolg bieten und darf nicht mutwillig erscheinen. Sollte Ihnen...\" class=\"encyclopedia\">Prozesskostenhilfe<\/a> f&uuml;r Sie infrage kommen. In diesem Fall &uuml;bernimmt der Staat die anfallenden <a href=\"https:\/\/kanzleikruse.com\/en\/encyclopedia\/kosten\/\" target=\"_self\" title=\"In einem K&uuml;ndigungsschutzverfahren tr&auml;gt in der ersten Instanz vor dem Arbeitsgericht jede Partei seine Anwaltskosten selbst. D.h. egal ob Sie unterliegen oder gewinnen, m&uuml;ssen Sie Ihren eigenen Anwalt bezahlen. Die H&ouml;he der Verg&uuml;tung ergibt sich entweder aus einer Verg&uuml;tungsvereinbarung oder aus dem Rechtsanwaltsverg&uuml;tungsgesetz (RVG). In gerichtlichen Verfahren d&uuml;rfen die...\" class=\"encyclopedia\">Kosten<\/a>. Auch hierbei unterst&uuml;tze ich Sie gerne.<\/p><h3 data-start=\"1999\" data-end=\"2031\">Erfolgshonorar im Einzelfall<\/h3><p data-start=\"2033\" data-end=\"2252\">Anw&auml;lten ist es grunds&auml;tzlich untersagt, Erfolgshonorare anzubieten. In Ausnahmef&auml;llen kann ein solches Verg&uuml;tungsmodell jedoch m&ouml;glich sein. Ich pr&uuml;fe mit Ihnen gemeinsam, ob diese Option in Ihrem Fall infrage kommt.<\/p><h2 data-start=\"2259\" data-end=\"2296\">Jetzt m&ouml;gliche Abfindung berechnen<\/h2><p data-start=\"2298\" data-end=\"2495\">Berechnen Sie die H&ouml;he Ihrer m&ouml;glichen <a href=\"https:\/\/kanzleikruse.com\/en\/encyclopedia\/abfindung\/\" target=\"_self\" title=\"Das Wichtigste vorab: Es besteht kein genereller gesetzlicher Abfindungsanspruch im Falle einer K&uuml;ndigung. Das Gesetz sieht Abfindungsanspr&uuml;che nur im Fall des &sect;&thinsp;1&#8198;a KSchG (s.&nbsp;Rn&thinsp;2&#8198;ff), bei einem Aufl&ouml;sungsurteil nach &sect;&sect;&thinsp;9, 10 KSchG (s.&nbsp;Rn&thinsp;10&#8198;f), bei Vorliegen eines Sozialplans (s.&nbsp;Rn&thinsp;22&#8198;f) oder als Nachteilsausgleichsanspruch nach &sect;&thinsp;113 BetrVG (s.&nbsp;Rn&thinsp;24&#8198;f) vor...\" class=\"encyclopedia\">Abfindung<\/a> <a href=\"https:\/\/kanzleikruse.com\/en\/encyclopedia\/kosten\/\" target=\"_self\" title=\"In einem K&uuml;ndigungsschutzverfahren tr&auml;gt in der ersten Instanz vor dem Arbeitsgericht jede Partei seine Anwaltskosten selbst. D.h. egal ob Sie unterliegen oder gewinnen, m&uuml;ssen Sie Ihren eigenen Anwalt bezahlen. Die H&ouml;he der Verg&uuml;tung ergibt sich entweder aus einer Verg&uuml;tungsvereinbarung oder aus dem Rechtsanwaltsverg&uuml;tungsgesetz (RVG). In gerichtlichen Verfahren d&uuml;rfen die...\" class=\"encyclopedia\">kosten<\/a>los. Im Anschluss bespreche ich mit Ihnen Ihre Erfolgsaussichten und entwickle gemeinsam mit Ihnen das optimale <a href=\"https:\/\/kanzleikruse.com\/en\/encyclopedia\/kosten\/\" target=\"_self\" title=\"In einem K&uuml;ndigungsschutzverfahren tr&auml;gt in der ersten Instanz vor dem Arbeitsgericht jede Partei seine Anwaltskosten selbst. D.h. egal ob Sie unterliegen oder gewinnen, m&uuml;ssen Sie Ihren eigenen Anwalt bezahlen. Die H&ouml;he der Verg&uuml;tung ergibt sich entweder aus einer Verg&uuml;tungsvereinbarung oder aus dem Rechtsanwaltsverg&uuml;tungsgesetz (RVG). In gerichtlichen Verfahren d&uuml;rfen die...\" class=\"encyclopedia\">Kosten<\/a>modell f&uuml;r Ihren Fall.<\/p><p data-start=\"2497\" data-end=\"2551\">Vereinbaren Sie <a href=\"https:\/\/kanzleikruse.com\/kontakt\/\"><span style=\"text-decoration: underline;\">jetzt Ihr pers&ouml;nliches Erstgespr&auml;ch<\/span><\/a>.<\/p>\t\t\t\t\t\t\t\t<\/div>\n\t\t\t\t<\/div>\n\t\t\t\t<div class=\"elementor-element elementor-element-0e7fe51 elementor-align-center elementor-widget elementor-widget-raven-button\" data-id=\"0e7fe51\" data-element_type=\"widget\" data-e-type=\"widget\" data-settings='{\"turn_to_popup_action_button\":\"no\"}' data-widget_type=\"raven-button.default\">\n\t\t\t\t<div class=\"elementor-widget-container\">\n\t\t\t\t\t\t\t<div class=\"raven-widget-wrapper\">\n\t\t\t<a class=\"raven-button raven-button-widget-normal-effect-none  raven-button-text-align-center raven-button-link elementor-animation-none\" href=\"https:\/\/kanzleikruse.com\/schnelltest\/\">\t\t\t\t<div class=\"raven-button-overlay\"><\/div>\n\t\t\t\t<span class=\"raven-button-content\">\n\t\t\t\t\t\n\t\t\t\t\t<div class=\"button-text-container\">\n\t\t\t\t\t\t\t\t\t\t\t\t<div class=\"raven-button-texts-wrapper\">\n\t\t\t\t\t\t\t<div class=\"button-text\">\n\t\t\t\t\t\t\t\t<span class=\"raven-button-text\">\n\t\t\t\t\t\t\t\t\tKostenlose Pr&uuml;fung jetzt starten\t\t\t\t\t\t\t\t<\/span>\n\t\t\t\t\t\t\t<\/div>\n\t\t\t\t\t\t\t\t\t\t\t\t\t<\/div>\n\t\t\t\t\t\t\t\t\t\t\t<\/div>\n\t\t\t\t\t\n\t\t\t\t\t\t\t\t\t<\/span>\n\t\t\t<\/a>\t\t<\/div>\n\t\t\t\t\t\t<\/div>\n\t\t\t\t<\/div>\n\t\t\t\t\t<\/div>\n\t\t<\/div>\n\t\t\t\t\t<\/div>\n\t\t<\/section>\n\t\t\t\t<\/div>\n\t\t","protected":false},"excerpt":{"rendered":"<p>Leistungen und Kosten K\u00fcndigungsschutz: Pers\u00f6nliche Beratung vom Fachanwalt f\u00fcr Arbeitsrecht Ich biete Ihnen eine umfassende und pers\u00f6nliche Beratung im Arbeitsrecht, insbesondere im Bereich K\u00fcndigungsschutz. Ob im Vorfeld einer K\u00fcndigung oder nach Ausspruch einer K\u00fcndigung \u2013 ich unterst\u00fctze Sie mit taktischen Hinweisen und einer ehrlichen Einsch\u00e4tzung Ihrer Erfolgsaussichten. Erstberatung zum K\u00fcndigungsschutz Ein Erstberatungsgespr\u00e4ch kann oft entscheidend [&hellip;]<\/p>\n","protected":false},"author":2,"featured_media":0,"parent":0,"menu_order":0,"comment_status":"closed","ping_status":"closed","template":"full-width.php","meta":{"_acf_changed":false,"footnotes":""},"class_list":["post-85","page","type-page","status-publish","hentry"],"acf":[],"yoast_head":"<!-- This site is optimized with the Yoast SEO plugin v27.5 - https:\/\/yoast.com\/product\/yoast-seo-wordpress\/ -->\n<title>Leistungen und Kosten - Kanzlei Kruse<\/title>\n<meta name=\"description\" content=\"Unsere Leistungen und Kosten auf einen Blick. Erfahren Sie mehr.\" \/>\n<meta name=\"robots\" content=\"index, follow, max-snippet:-1, max-image-preview:large, max-video-preview:-1\" \/>\n<link rel=\"canonical\" href=\"https:\/\/kanzleikruse.com\/en\/leistungen-und-kosten\/\" \/>\n<meta property=\"og:locale\" content=\"en_US\" \/>\n<meta property=\"og:type\" content=\"article\" \/>\n<meta property=\"og:title\" content=\"Leistungen und Kosten - Kanzlei Kruse\" \/>\n<meta property=\"og:description\" content=\"Unsere Leistungen und Kosten auf einen Blick. Erfahren Sie mehr.\" \/>\n<meta property=\"og:url\" content=\"https:\/\/kanzleikruse.com\/en\/leistungen-und-kosten\/\" \/>\n<meta property=\"og:site_name\" content=\"Kanzlei Kruse\" \/>\n<meta property=\"article:modified_time\" content=\"2025-07-07T08:05:53+00:00\" \/>\n<meta name=\"twitter:card\" content=\"summary_large_image\" \/>\n<meta name=\"twitter:label1\" content=\"Est. reading time\" \/>\n\t<meta name=\"twitter:data1\" content=\"2 minutes\" \/>\n<script type=\"application\/ld+json\" class=\"yoast-schema-graph\">{\"@context\":\"https:\\\/\\\/schema.org\",\"@graph\":[{\"@type\":\"WebPage\",\"@id\":\"https:\\\/\\\/kanzleikruse.com\\\/leistungen-und-kosten\\\/\",\"url\":\"https:\\\/\\\/kanzleikruse.com\\\/leistungen-und-kosten\\\/\",\"name\":\"Leistungen und Kosten - Kanzlei Kruse\",\"isPartOf\":{\"@id\":\"https:\\\/\\\/kanzleikruse.com\\\/#website\"},\"datePublished\":\"2020-05-09T07:49:00+00:00\",\"dateModified\":\"2025-07-07T08:05:53+00:00\",\"description\":\"Unsere Leistungen und Kosten auf einen Blick. Erfahren Sie mehr.\",\"breadcrumb\":{\"@id\":\"https:\\\/\\\/kanzleikruse.com\\\/leistungen-und-kosten\\\/#breadcrumb\"},\"inLanguage\":\"en-US\",\"potentialAction\":[{\"@type\":\"ReadAction\",\"target\":[\"https:\\\/\\\/kanzleikruse.com\\\/leistungen-und-kosten\\\/\"]}]},{\"@type\":\"BreadcrumbList\",\"@id\":\"https:\\\/\\\/kanzleikruse.com\\\/leistungen-und-kosten\\\/#breadcrumb\",\"itemListElement\":[{\"@type\":\"ListItem\",\"position\":1,\"name\":\"Startseite\",\"item\":\"https:\\\/\\\/kanzleikruse.com\\\/\"},{\"@type\":\"ListItem\",\"position\":2,\"name\":\"Leistungen und Kosten\"}]},{\"@type\":\"WebSite\",\"@id\":\"https:\\\/\\\/kanzleikruse.com\\\/#website\",\"url\":\"https:\\\/\\\/kanzleikruse.com\\\/\",\"name\":\"Kanzlei Kruse\",\"description\":\"Wir helfen Ihnen pers\u00f6nlich, Ihr Recht durchzusetzen.\",\"potentialAction\":[{\"@type\":\"SearchAction\",\"target\":{\"@type\":\"EntryPoint\",\"urlTemplate\":\"https:\\\/\\\/kanzleikruse.com\\\/?s={search_term_string}\"},\"query-input\":{\"@type\":\"PropertyValueSpecification\",\"valueRequired\":true,\"valueName\":\"search_term_string\"}}],\"inLanguage\":\"en-US\"}]}<\/script>\n<!-- \/ Yoast SEO plugin. -->","yoast_head_json":{"title":"Services and costs - Kanzlei Kruse","description":"Our services and costs at a glance. Find out more.","robots":{"index":"index","follow":"follow","max-snippet":"max-snippet:-1","max-image-preview":"max-image-preview:large","max-video-preview":"max-video-preview:-1"},"canonical":"https:\/\/kanzleikruse.com\/en\/leistungen-und-kosten\/","og_locale":"en_US","og_type":"article","og_title":"Leistungen und Kosten - Kanzlei Kruse","og_description":"Unsere Leistungen und Kosten auf einen Blick. Erfahren Sie mehr.","og_url":"https:\/\/kanzleikruse.com\/en\/leistungen-und-kosten\/","og_site_name":"Kanzlei Kruse","article_modified_time":"2025-07-07T08:05:53+00:00","twitter_card":"summary_large_image","twitter_misc":{"Est. reading time":"2 minutes"},"schema":{"@context":"https:\/\/schema.org","@graph":[{"@type":"WebPage","@id":"https:\/\/kanzleikruse.com\/leistungen-und-kosten\/","url":"https:\/\/kanzleikruse.com\/leistungen-und-kosten\/","name":"Services and costs - Kanzlei Kruse","isPartOf":{"@id":"https:\/\/kanzleikruse.com\/#website"},"datePublished":"2020-05-09T07:49:00+00:00","dateModified":"2025-07-07T08:05:53+00:00","description":"Our services and costs at a glance. Find out more.","breadcrumb":{"@id":"https:\/\/kanzleikruse.com\/leistungen-und-kosten\/#breadcrumb"},"inLanguage":"en-US","potentialAction":[{"@type":"ReadAction","target":["https:\/\/kanzleikruse.com\/leistungen-und-kosten\/"]}]},{"@type":"BreadcrumbList","@id":"https:\/\/kanzleikruse.com\/leistungen-und-kosten\/#breadcrumb","itemListElement":[{"@type":"ListItem","position":1,"name":"Startseite","item":"https:\/\/kanzleikruse.com\/"},{"@type":"ListItem","position":2,"name":"Leistungen und Kosten"}]},{"@type":"WebSite","@id":"https:\/\/kanzleikruse.com\/#website","url":"https:\/\/kanzleikruse.com\/","name":"Kruse law firm","description":"We will help you personally to enforce your rights.","potentialAction":[{"@type":"SearchAction","target":{"@type":"EntryPoint","urlTemplate":"https:\/\/kanzleikruse.com\/?s={search_term_string}"},"query-input":{"@type":"PropertyValueSpecification","valueRequired":true,"valueName":"search_term_string"}}],"inLanguage":"en-US"}]}},"_links":{"self":[{"href":"https:\/\/kanzleikruse.com\/en\/wp-json\/wp\/v2\/pages\/85","targetHints":{"allow":["GET"]}}],"collection":[{"href":"https:\/\/kanzleikruse.com\/en\/wp-json\/wp\/v2\/pages"}],"about":[{"href":"https:\/\/kanzleikruse.com\/en\/wp-json\/wp\/v2\/types\/page"}],"author":[{"embeddable":true,"href":"https:\/\/kanzleikruse.com\/en\/wp-json\/wp\/v2\/users\/2"}],"replies":[{"embeddable":true,"href":"https:\/\/kanzleikruse.com\/en\/wp-json\/wp\/v2\/comments?post=85"}],"version-history":[{"count":15,"href":"https:\/\/kanzleikruse.com\/en\/wp-json\/wp\/v2\/pages\/85\/revisions"}],"predecessor-version":[{"id":1907,"href":"https:\/\/kanzleikruse.com\/en\/wp-json\/wp\/v2\/pages\/85\/revisions\/1907"}],"wp:attachment":[{"href":"https:\/\/kanzleikruse.com\/en\/wp-json\/wp\/v2\/media?parent=85"}],"curies":[{"name":"wp","href":"https:\/\/api.w.org\/{rel}","templated":true}]}}